{"id":53984,"date":"2026-01-05T18:29:00","date_gmt":"2026-01-05T17:29:00","guid":{"rendered":"https:\/\/exporteers.com\/hs-validierung\/"},"modified":"2026-02-13T19:51:20","modified_gmt":"2026-02-13T18:51:20","slug":"hs-validierung","status":"publish","type":"page","link":"https:\/\/exporteers.com\/de\/hs-validierung\/","title":{"rendered":"HS-Validierung"},"content":{"rendered":"\t\t<div data-elementor-type=\"wp-post\" data-elementor-id=\"53984\" class=\"elementor elementor-53984 elementor-53283\" data-elementor-post-type=\"page\">\n\t\t\t\t<div class=\"elementor-element elementor-element-51eecae e-grid e-con-boxed e-con e-parent\" data-id=\"51eecae\" data-element_type=\"container\" data-e-type=\"container\">\n\t\t\t\t\t<div class=\"e-con-inner\">\n\t\t<div class=\"elementor-element elementor-element-6bc2297 e-con-full e-flex e-con e-child\" data-id=\"6bc2297\" data-element_type=\"container\" data-e-type=\"container\">\n\t\t\t\t<div class=\"elementor-element elementor-element-454c043 hsvalidate elementor-widget elementor-widget-heading\" data-id=\"454c043\" data-element_type=\"widget\" data-e-type=\"widget\" data-widget_type=\"heading.default\">\n\t\t\t\t<div class=\"elementor-widget-container\">\n\t\t\t\t\t<h1 class=\"elementor-heading-title elementor-size-default\">HS-Code-Pr\u00fcfung &amp; Tarifvalidierungsbericht<\/h1>\t\t\t\t<\/div>\n\t\t\t\t<\/div>\n\t\t\t\t<div class=\"elementor-element elementor-element-ba2e429 me-intro elementor-widget elementor-widget-text-editor\" data-id=\"ba2e429\" data-element_type=\"widget\" data-e-type=\"widget\" data-widget_type=\"text-editor.default\">\n\t\t\t\t<div class=\"elementor-widget-container\">\n\t\t\t\t\t\t\t\t\t<p>Fast jedes Land oder jeder Handelsblock in der Welt hat seine eigene Detaillierung in der internationalen HS-Code-Liste.  <\/p><p>Mit unserem Bericht reduzieren Sie das Risiko von Fehleinstufungen, Verz\u00f6gerungen und h\u00f6heren Zollgeb\u00fchren als erwartet.<\/p><p>Sagen Sie uns, was Sie versenden m\u00f6chten und wohin, und wir stellen Ihnen alle relevanten Fragen, um den wahrscheinlichsten Code f\u00fcr Ihr Zielland zu ermitteln.<\/p>\t\t\t\t\t\t\t\t<\/div>\n\t\t\t\t<\/div>\n\t\t\t\t<\/div>\n\t\t<div class=\"elementor-element elementor-element-3a6c310 e-con-full elementor-hidden-tablet elementor-hidden-mobile e-flex e-con e-child\" data-id=\"3a6c310\" data-element_type=\"container\" data-e-type=\"container\">\n\t\t\t\t<div class=\"elementor-element elementor-element-04d5486 elementor-widget elementor-widget-image\" data-id=\"04d5486\" data-element_type=\"widget\" data-e-type=\"widget\" data-widget_type=\"image.default\">\n\t\t\t\t<div class=\"elementor-widget-container\">\n\t\t\t\t\t\t\t\t\t\t\t\t\t\t\t<img fetchpriority=\"high\" decoding=\"async\" width=\"800\" height=\"400\" src=\"https:\/\/exporteers.com\/wp-content\/uploads\/Container-ship-Istanbul-1024x512.jpg\" class=\"attachment-large size-large wp-image-26856\" alt=\"Importeur\" srcset=\"https:\/\/exporteers.com\/wp-content\/uploads\/Container-ship-Istanbul-1024x512.jpg 1024w, https:\/\/exporteers.com\/wp-content\/uploads\/Container-ship-Istanbul-300x150.jpg 300w, https:\/\/exporteers.com\/wp-content\/uploads\/Container-ship-Istanbul-768x384.jpg 768w, https:\/\/exporteers.com\/wp-content\/uploads\/Container-ship-Istanbul.jpg 1200w\" sizes=\"(max-width: 800px) 100vw, 800px\" \/>\t\t\t\t\t\t\t\t\t\t\t\t\t\t\t<\/div>\n\t\t\t\t<\/div>\n\t\t\t\t<\/div>\n\t\t\t\t\t<\/div>\n\t\t\t\t<\/div>\n\t\t<div class=\"elementor-element elementor-element-4a5ed30 e-grid e-con-boxed e-con e-parent\" data-id=\"4a5ed30\" data-element_type=\"container\" data-e-type=\"container\">\n\t\t\t\t\t<div class=\"e-con-inner\">\n\t\t<div class=\"elementor-element elementor-element-f410d04 e-con-full e-flex e-con e-child\" data-id=\"f410d04\" data-element_type=\"container\" data-e-type=\"container\">\n\t\t\t\t<div class=\"elementor-element elementor-element-2cc714e elementor-widget elementor-widget-html\" data-id=\"2cc714e\" data-element_type=\"widget\" data-e-type=\"widget\" data-widget_type=\"html.default\">\n\t\t\t\t<div class=\"elementor-widget-container\">\n\t\t\t\t\t<div id=\"hs-intake\">\n\n  <div id=\"hs-chat\" style=\"display:block; margin-top:0px; border:1px solid #bbb; padding:12px; border-radius:5px;\">\n    <div id=\"hs-log\" style=\"min-height:110px; max-height:300px; overflow:auto; border:none; padding:0;\"><\/div>\n\n    <div style=\"display:flex; gap:8px; margin-top:10px;\">\n      <input id=\"hs-input\" type=\"text\" placeholder=\"Geben Sie Ihre Antwort ein...\" style=\"flex:1; padding:10px; border: solid 2px #0a71b5\">\n      <button id=\"hs-send\" type=\"button\">Senden Sie<\/button>\n    <\/div>\n\n    <div id=\"hs-status\" style=\"margin-top:8px; font-size:12px; color:#666;\"><\/div>\n  <\/div>\n\n<\/div>\n<script>\n(function () {\n  const chatBox  = document.getElementById('hs-chat');\n  const logEl    = document.getElementById('hs-log');\n  const inputEl  = document.getElementById('hs-input');\n  const sendBtn  = document.getElementById('hs-send');\n  const statusEl = document.getElementById('hs-status');\n\n  \/\/ Session id per bezoeker\n  const sessionKey = 'hs_session_id';\n  let sessionId = localStorage.getItem(sessionKey);\n  if (!sessionId) {\n    sessionId = crypto.randomUUID();\n    localStorage.setItem(sessionKey, sessionId);\n  }\n\n  function append(role, text) {\n    const div = document.createElement('div');\n    div.style.margin = '8px 0';\n\n    if (role) {\n      div.innerHTML = `<strong>${role}:<\/strong> ${text}`;\n    } else {\n      div.textContent = text;\n    }\n\n    logEl.appendChild(div);\n    logEl.scrollTop = logEl.scrollHeight;\n  }\n\n  async function sendMessage(text) {\n    statusEl.textContent = 'Working\u2026';\n\n    const resp = await fetch('\/wp-json\/expt\/v1\/hs-chat', {\n      method: 'POST',\n      headers: {'Content-Type': 'application\/json'},\n      body: JSON.stringify({ session_id: sessionId, message: text })\n    });\n\n    if (!resp.ok) {\n      statusEl.textContent = 'Error calling server.';\n      return;\n    }\n\n    const data = await resp.json();\n    statusEl.textContent = '';\n\n    if (data.reply) append('Exporteers', data.reply);\n\n    if (data.next_step_url) {\n      append(null, 'Redirecting to payment\u2026');\n      setTimeout(() => window.location.href = data.next_step_url, 800);\n    }\n  }\n\n  \/\/ \u2705 AUTO START BIJ PAGINALAAD\n  (async function startIntake() {\n    append(null, 'Answer the questions so that we can prepare your report.');\n    await sendMessage('__START__');\n  })();\n\n  sendBtn.addEventListener('click', async () => {\n    const text = inputEl.value.trim();\n    if (!text) return;\n    inputEl.value = '';\n    append('You', text);\n    await sendMessage(text);\n  });\n\n  inputEl.addEventListener('keydown', (e) => {\n    if (e.key === 'Enter') sendBtn.click();\n  });\n\n})();\n<\/script>\n\t\t\t\t<\/div>\n\t\t\t\t<\/div>\n\t\t\t\t<\/div>\n\t\t<div class=\"elementor-element elementor-element-ec1a3da e-con-full e-flex e-con e-child\" data-id=\"ec1a3da\" data-element_type=\"container\" data-e-type=\"container\">\n\t\t\t\t<div class=\"elementor-element elementor-element-60f54fa elementor-widget elementor-widget-heading\" data-id=\"60f54fa\" data-element_type=\"widget\" data-e-type=\"widget\" data-widget_type=\"heading.default\">\n\t\t\t\t<div class=\"elementor-widget-container\">\n\t\t\t\t\t<h2 class=\"elementor-heading-title elementor-size-default\">Ein klarer Validierungsbericht f\u00fcr nur \u20ac 39<\/h2>\t\t\t\t<\/div>\n\t\t\t\t<\/div>\n\t\t\t\t<div class=\"elementor-element elementor-element-435a4dd elementor-widget elementor-widget-text-editor\" data-id=\"435a4dd\" data-element_type=\"widget\" data-e-type=\"widget\" data-widget_type=\"text-editor.default\">\n\t\t\t\t<div class=\"elementor-widget-container\">\n\t\t\t\t\t\t\t\t\t<p>Wir senden Ihnen einen klaren und standardisierten Bericht per E-Mail zu:<\/p><ul><li>Alle relevanten Produkteigenschaften, basierend auf unseren Fragen;<\/li><li>Die wahrscheinlichsten HS-Codes f\u00fcr Ihr Bestimmungsland, und wo die Nuancen liegen;<\/li><li>Die entsprechenden Einfuhrz\u00f6lle, die Mehrwertsteuer und die geltenden Verbrauchssteuern;<\/li><li>Die genaue juristische Beschreibung des wahrscheinlichsten Codes und wo Sie diesen online finden k\u00f6nnen;<\/li><li>Empfehlungen, wie Sie Ihre Produktbeschreibung auf der Rechnung des Kunden formulieren k\u00f6nnen.<\/li><\/ul><p><a href=\"https:\/\/exporteers.com\/wp-content\/uploads\/HS-Code-validation-report.pdf\" target=\"_blank\" rel=\"nofollow noopener sponsored\">Laden Sie hier einen Beispielbericht herunter<\/a>.<\/p>\t\t\t\t\t\t\t\t<\/div>\n\t\t\t\t<\/div>\n\t\t\t\t<\/div>\n\t\t\t\t\t<\/div>\n\t\t\t\t<\/div>\n\t\t<div class=\"elementor-element elementor-element-44a1f99 e-grid e-con-boxed e-con e-parent\" data-id=\"44a1f99\" data-element_type=\"container\" data-e-type=\"container\">\n\t\t\t\t\t<div class=\"e-con-inner\">\n\t\t<div class=\"elementor-element elementor-element-e7f5e8d e-con-full e-flex e-con e-child\" data-id=\"e7f5e8d\" data-element_type=\"container\" data-e-type=\"container\">\n\t\t\t\t<div class=\"elementor-element elementor-element-0199374 elementor-widget elementor-widget-heading\" data-id=\"0199374\" data-element_type=\"widget\" data-e-type=\"widget\" data-widget_type=\"heading.default\">\n\t\t\t\t<div class=\"elementor-widget-container\">\n\t\t\t\t\t<h2 class=\"elementor-heading-title elementor-size-default\">Warum sollten Sie diesen Bericht kaufen?<\/h2>\t\t\t\t<\/div>\n\t\t\t\t<\/div>\n\t\t\t\t<div class=\"elementor-element elementor-element-f1499df elementor-widget elementor-widget-text-editor\" data-id=\"f1499df\" data-element_type=\"widget\" data-e-type=\"widget\" data-widget_type=\"text-editor.default\">\n\t\t\t\t<div class=\"elementor-widget-container\">\n\t\t\t\t\t\t\t\t\t<p>Mit diesem Validierungsbericht haben Sie die richtigen Informationen und Argumente f\u00fcr Ihr Versandunternehmen und die Zollbeh\u00f6rden. Auf diese Weise vermeiden Sie: <\/p><ul><li>Fehleinstufungen<\/li><li>Versp\u00e4tungen<\/li><li>H\u00f6here Z\u00f6lle als erwartet<\/li><\/ul><p>Fehler bei HS-Codes k\u00f6nnen teuer werden &#8211; seien Sie klug.<\/p>\t\t\t\t\t\t\t\t<\/div>\n\t\t\t\t<\/div>\n\t\t\t\t<\/div>\n\t\t<div class=\"elementor-element elementor-element-4ce12da e-con-full e-flex e-con e-child\" data-id=\"4ce12da\" data-element_type=\"container\" data-e-type=\"container\">\n\t\t\t\t<div class=\"elementor-element elementor-element-c905a1f elementor-widget elementor-widget-heading\" data-id=\"c905a1f\" data-element_type=\"widget\" data-e-type=\"widget\" data-widget_type=\"heading.default\">\n\t\t\t\t<div class=\"elementor-widget-container\">\n\t\t\t\t\t<h2 class=\"elementor-heading-title elementor-size-default\">Wir verwenden nur offizielle Quellen<\/h2>\t\t\t\t<\/div>\n\t\t\t\t<\/div>\n\t\t\t\t<div class=\"elementor-element elementor-element-c95a499 elementor-widget elementor-widget-text-editor\" data-id=\"c95a499\" data-element_type=\"widget\" data-e-type=\"widget\" data-widget_type=\"text-editor.default\">\n\t\t\t\t<div class=\"elementor-widget-container\">\n\t\t\t\t\t\t\t\t\t<p>Wir durchforsten nicht nur das Internet. Wir verwenden offizielle Regierungsquellen und liefern genaue rechtliche Beschreibungen: <\/p><ul><li><a href=\"https:\/\/www.trademap.org\/\" target=\"_blank\" rel=\"noopener\">Trademap.org mit Volumen pro HS-Code<\/a><\/li><li><a href=\"https:\/\/www.tariffnumber.com\/\" target=\"_blank\" rel=\"noopener\">Europ\u00e4ische Datenbank mit HS-Codes<\/a><\/li><li><a href=\"https:\/\/ec.europa.eu\/taxation_customs\/dds2\/taric\/taric_consultation.jsp?Lang=en\" target=\"_blank\" rel=\"noopener\">EU-TARIC-Datenbank mit Verordnungen pro Produkt<\/a><\/li><li><a href=\"https:\/\/hts.usitc.gov\/\" target=\"_blank\" rel=\"noopener\">USA HTS-Code Datenbank Formularimport<\/a><\/li><li><a href=\"https:\/\/www.trade.gov\/customs-info-database-user-guide\" target=\"_blank\" rel=\"noopener\">Zolltarifdatenbank f\u00fcr den Export aus den USA<\/a><\/li><li><a href=\"http:\/\/www.transcustoms.com\/\" target=\"_blank\" rel=\"noopener\">Die chinesische HTS-Code-Datenbank auf Englisch<\/a><\/li><li><a href=\"https:\/\/www.atlp.ae\/en\/harmonized-system-codes\" target=\"_blank\" rel=\"noopener\">UAE HTS-Codes Datenbank<\/a><\/li><\/ul>\t\t\t\t\t\t\t\t<\/div>\n\t\t\t\t<\/div>\n\t\t\t\t<\/div>\n\t\t\t\t\t<\/div>\n\t\t\t\t<\/div>\n\t\t<div class=\"elementor-element elementor-element-94e754c e-flex e-con-boxed e-con e-parent\" data-id=\"94e754c\" data-element_type=\"container\" data-e-type=\"container\">\n\t\t\t\t\t<div class=\"e-con-inner\">\n\t\t\t\t<div class=\"elementor-element elementor-element-83d9ef7 elementor-widget elementor-widget-spacer\" data-id=\"83d9ef7\" data-element_type=\"widget\" data-e-type=\"widget\" data-widget_type=\"spacer.default\">\n\t\t\t\t<div class=\"elementor-widget-container\">\n\t\t\t\t\t\t\t<div class=\"elementor-spacer\">\n\t\t\t<div class=\"elementor-spacer-inner\"><\/div>\n\t\t<\/div>\n\t\t\t\t\t\t<\/div>\n\t\t\t\t<\/div>\n\t\t\t\t\t<\/div>\n\t\t\t\t<\/div>\n\t\t\t\t<\/div>\n\t\t","protected":false},"excerpt":{"rendered":"<p>HS-Code-Pr\u00fcfung &amp; Tarifvalidierungsbericht Fast jedes Land oder jeder Handelsblock in der Welt hat seine eigene Detaillierung in der internationalen HS-Code-Liste. Mit unserem Bericht reduzieren Sie das Risiko von Fehleinstufungen, Verz\u00f6gerungen und h\u00f6heren Zollgeb\u00fchren als erwartet. Sagen Sie uns, was Sie versenden m\u00f6chten und wohin, und wir stellen Ihnen alle relevanten Fragen, um den wahrscheinlichsten Code [&hellip;]<\/p>\n","protected":false},"author":2,"featured_media":0,"parent":0,"menu_order":0,"comment_status":"closed","ping_status":"open","template":"","meta":{"footnotes":""},"class_list":["post-53984","page","type-page","status-publish","hentry"],"_links":{"self":[{"href":"https:\/\/exporteers.com\/de\/wp-json\/wp\/v2\/pages\/53984","targetHints":{"allow":["GET"]}}],"collection":[{"href":"https:\/\/exporteers.com\/de\/wp-json\/wp\/v2\/pages"}],"about":[{"href":"https:\/\/exporteers.com\/de\/wp-json\/wp\/v2\/types\/page"}],"author":[{"embeddable":true,"href":"https:\/\/exporteers.com\/de\/wp-json\/wp\/v2\/users\/2"}],"replies":[{"embeddable":true,"href":"https:\/\/exporteers.com\/de\/wp-json\/wp\/v2\/comments?post=53984"}],"version-history":[{"count":5,"href":"https:\/\/exporteers.com\/de\/wp-json\/wp\/v2\/pages\/53984\/revisions"}],"predecessor-version":[{"id":57413,"href":"https:\/\/exporteers.com\/de\/wp-json\/wp\/v2\/pages\/53984\/revisions\/57413"}],"wp:attachment":[{"href":"https:\/\/exporteers.com\/de\/wp-json\/wp\/v2\/media?parent=53984"}],"curies":[{"name":"wp","href":"https:\/\/api.w.org\/{rel}","templated":true}]}}