{"id":54913,"date":"2026-02-06T15:14:17","date_gmt":"2026-02-06T14:14:17","guid":{"rendered":"https:\/\/wy9ew7dhzo-staging.onrocket.site\/distributor-readiness-check\/"},"modified":"2026-03-05T11:22:53","modified_gmt":"2026-03-05T10:22:53","slug":"distributor-readiness-check","status":"publish","type":"page","link":"https:\/\/exporteers.com\/de\/distributor-readiness-check\/","title":{"rendered":"Machen Sie den Check"},"content":{"rendered":"\t\t<div data-elementor-type=\"wp-post\" data-elementor-id=\"54913\" class=\"elementor elementor-54913 elementor-54662\" data-elementor-post-type=\"page\">\n\t\t\t\t<div class=\"elementor-element elementor-element-51eecae e-grid e-con-boxed e-con e-parent\" data-id=\"51eecae\" data-element_type=\"container\" data-e-type=\"container\">\n\t\t\t\t\t<div class=\"e-con-inner\">\n\t\t<div class=\"elementor-element elementor-element-6bc2297 e-con-full e-flex e-con e-child\" data-id=\"6bc2297\" data-element_type=\"container\" data-e-type=\"container\">\n\t\t\t\t<div class=\"elementor-element elementor-element-454c043 dr-page elementor-widget elementor-widget-heading\" data-id=\"454c043\" data-element_type=\"widget\" data-e-type=\"widget\" data-widget_type=\"heading.default\">\n\t\t\t\t<div class=\"elementor-widget-container\">\n\t\t\t\t\t<h1 class=\"elementor-heading-title elementor-size-default\">Sind Sie bereit, ausl\u00e4ndische Vertriebsh\u00e4ndler zu \u00fcberzeugen?<\/h1>\t\t\t\t<\/div>\n\t\t\t\t<\/div>\n\t\t\t\t<div class=\"elementor-element elementor-element-ba2e429 me-intro elementor-widget elementor-widget-text-editor\" data-id=\"ba2e429\" data-element_type=\"widget\" data-e-type=\"widget\" data-widget_type=\"text-editor.default\">\n\t\t\t\t<div class=\"elementor-widget-container\">\n\t\t\t\t\t\t\t\t\t<p>Die meisten Vertriebspartner, mit denen Sie Gesch\u00e4fte machen m\u00f6chten, verkaufen bereits konkurrierende Produkte. Sie m\u00fcssen zeigen, dass Ihr Angebot ihnen h\u00f6here Gewinne bringt. <\/p><p>Haben Sie Ihre Hausaufgaben schon gemacht? Kennen Sie die lokale Konkurrenz, die erforderlichen Margen und Ihre Erwartungen an Ihren lokalen Partner? <\/p><h2>Machen Sie den Check und sehen Sie, wie bereit Sie sind<\/h2>\t\t\t\t\t\t\t\t<\/div>\n\t\t\t\t<\/div>\n\t\t\t\t<\/div>\n\t\t<div class=\"elementor-element elementor-element-3a6c310 e-con-full elementor-hidden-tablet elementor-hidden-mobile e-flex e-con e-child\" data-id=\"3a6c310\" data-element_type=\"container\" data-e-type=\"container\">\n\t\t\t\t<div class=\"elementor-element elementor-element-04d5486 elementor-widget elementor-widget-image\" data-id=\"04d5486\" data-element_type=\"widget\" data-e-type=\"widget\" data-widget_type=\"image.default\">\n\t\t\t\t<div class=\"elementor-widget-container\">\n\t\t\t\t\t\t\t\t\t\t\t\t\t\t\t<img fetchpriority=\"high\" decoding=\"async\" width=\"800\" height=\"399\" src=\"https:\/\/exporteers.com\/wp-content\/uploads\/Distributor-warehouse-1024x511.jpg\" class=\"attachment-large size-large wp-image-36737\" alt=\"Vertriebspartner\" srcset=\"https:\/\/exporteers.com\/wp-content\/uploads\/Distributor-warehouse-1024x511.jpg 1024w, https:\/\/exporteers.com\/wp-content\/uploads\/Distributor-warehouse-300x150.jpg 300w, https:\/\/exporteers.com\/wp-content\/uploads\/Distributor-warehouse-768x383.jpg 768w, https:\/\/exporteers.com\/wp-content\/uploads\/Distributor-warehouse.jpg 1200w\" sizes=\"(max-width: 800px) 100vw, 800px\" \/>\t\t\t\t\t\t\t\t\t\t\t\t\t\t\t<\/div>\n\t\t\t\t<\/div>\n\t\t\t\t<\/div>\n\t\t\t\t\t<\/div>\n\t\t\t\t<\/div>\n\t\t<div class=\"elementor-element elementor-element-9609463 e-flex e-con-boxed e-con e-parent\" data-id=\"9609463\" data-element_type=\"container\" data-e-type=\"container\">\n\t\t\t\t\t<div class=\"e-con-inner\">\n\t\t<div class=\"elementor-element elementor-element-f12d873 e-con-full e-flex e-con e-child\" data-id=\"f12d873\" data-element_type=\"container\" data-e-type=\"container\">\n\t\t\t\t<div class=\"elementor-element elementor-element-ef8808f elementor-widget elementor-widget-html\" data-id=\"ef8808f\" data-element_type=\"widget\" data-e-type=\"widget\" data-widget_type=\"html.default\">\n\t\t\t\t<div class=\"elementor-widget-container\">\n\t\t\t\t\t  <div class=\"expt-chat\" id=\"expt-me\" data-country=\"\">\n    <div class=\"expt-chat__log\" id=\"expt-me-log\" aria-live=\"polite\"><\/div>\n    <div class=\"expt-chat__thinking\" id=\"expt-me-thinking\" style=\"display:none;\">Exporteers is thinking\u2026<\/div>\n    <div class=\"expt-chat__bar\">\n      <input class=\"expt-chat__input\" id=\"expt-me-input\" type=\"text\" placeholder=\"Type your answer\u2026\" autocomplete=\"off\" \/>\n      <button class=\"expt-chat__send\" id=\"expt-me-send\" type=\"button\">Send<\/button>\n    <\/div>\n  <\/div>\n  \t\t\t\t<\/div>\n\t\t\t\t<\/div>\n\t\t\t\t<\/div>\n\t\t\t\t\t<\/div>\n\t\t\t\t<\/div>\n\t\t<div class=\"elementor-element elementor-element-6f4ae9e e-flex e-con-boxed e-con e-parent\" data-id=\"6f4ae9e\" data-element_type=\"container\" data-e-type=\"container\" id=\"fees\">\n\t\t\t\t\t<div class=\"e-con-inner\">\n\t\t<div class=\"elementor-element elementor-element-dd19e71 e-con-full e-flex e-con e-child\" data-id=\"dd19e71\" data-element_type=\"container\" data-e-type=\"container\">\n\t\t\t\t<div class=\"elementor-element elementor-element-739b91f elementor-widget elementor-widget-heading\" data-id=\"739b91f\" data-element_type=\"widget\" data-e-type=\"widget\" data-widget_type=\"heading.default\">\n\t\t\t\t<div class=\"elementor-widget-container\">\n\t\t\t\t\t<h2 class=\"elementor-heading-title elementor-size-default\">Erhalten Sie Ablehnungen? So helfen wir Unternehmen zum Erfolg. <\/h2>\t\t\t\t<\/div>\n\t\t\t\t<\/div>\n\t\t\t\t<div class=\"elementor-element elementor-element-b8ba056 elementor-widget elementor-widget-text-editor\" data-id=\"b8ba056\" data-element_type=\"widget\" data-e-type=\"widget\" data-widget_type=\"text-editor.default\">\n\t\t\t\t<div class=\"elementor-widget-container\">\n\t\t\t\t\t\t\t\t\t<p>Je besser Sie einen neuen Markt kennen und je mehr Sie sich \u00fcber Ihre eigene Positionierung Gedanken gemacht haben, desto leichter wird es sein, einen Vertriebspartner von einer Zusammenarbeit mit Ihnen zu \u00fcberzeugen. Aber das erfordert Vorbereitung.  Sehen Sie unten unsere Schritt-f\u00fcr-Schritt-Anleitung mit Preisen.  <\/p>\t\t\t\t\t\t\t\t<\/div>\n\t\t\t\t<\/div>\n\t\t\t\t<\/div>\n\t\t\t\t\t<\/div>\n\t\t\t\t<\/div>\n\t\t<div class=\"elementor-element elementor-element-1fa412b e-flex e-con-boxed e-con e-parent\" data-id=\"1fa412b\" data-element_type=\"container\" data-e-type=\"container\">\n\t\t\t\t\t<div class=\"e-con-inner\">\n\t\t<div class=\"elementor-element elementor-element-8dad1f0 e-grid e-con-full e-con e-child\" data-id=\"8dad1f0\" data-element_type=\"container\" data-e-type=\"container\">\n\t\t\t\t<div class=\"elementor-element elementor-element-6b9fda3 elementor-widget elementor-widget-text-editor\" data-id=\"6b9fda3\" data-element_type=\"widget\" data-e-type=\"widget\" data-widget_type=\"text-editor.default\">\n\t\t\t\t<div class=\"elementor-widget-container\">\n\t\t\t\t\t\t\t\t\t<h3>L\u00fcckenanalyse<\/h3>\t\t\t\t\t\t\t\t<\/div>\n\t\t\t\t<\/div>\n\t\t<div class=\"elementor-element elementor-element-4dfedf1 e-con-full e-flex e-con e-child\" data-id=\"4dfedf1\" data-element_type=\"container\" data-e-type=\"container\" data-settings=\"{&quot;background_background&quot;:&quot;classic&quot;}\">\n\t\t\t\t<div class=\"elementor-element elementor-element-3bfa367 elementor-widget elementor-widget-text-editor\" data-id=\"3bfa367\" data-element_type=\"widget\" data-e-type=\"widget\" data-widget_type=\"text-editor.default\">\n\t\t\t\t<div class=\"elementor-widget-container\">\n\t\t\t\t\t\t\t\t\t<ul><li>Haben Sie das richtige Land im Visier?<\/li><li>\u00dcberpr\u00fcfung Ihres Wertangebots<\/li><li>Welche Fragen w\u00fcrde ein H\u00e4ndler haben?<\/li><li>Was brauchen Sie, um diese Fragen zu beantworten?<\/li><\/ul>\t\t\t\t\t\t\t\t<\/div>\n\t\t\t\t<\/div>\n\t\t\t\t<\/div>\n\t\t<div class=\"elementor-element elementor-element-1737893 e-con-full e-flex e-con e-child\" data-id=\"1737893\" data-element_type=\"container\" data-e-type=\"container\">\n\t\t\t\t<div class=\"elementor-element elementor-element-f986821 elementor-widget elementor-widget-text-editor\" data-id=\"f986821\" data-element_type=\"widget\" data-e-type=\"widget\" data-widget_type=\"text-editor.default\">\n\t\t\t\t<div class=\"elementor-widget-container\">\n\t\t\t\t\t\t\t\t\t<p>150 \u20ac f\u00fcr eine 90-min\u00fctige Beratung<\/p>\t\t\t\t\t\t\t\t<\/div>\n\t\t\t\t<\/div>\n\t\t\t\t<div class=\"elementor-element elementor-element-5b1c4b2 elementor-align-justify elementor-widget elementor-widget-button\" data-id=\"5b1c4b2\" data-element_type=\"widget\" data-e-type=\"widget\" data-widget_type=\"button.default\">\n\t\t\t\t<div class=\"elementor-widget-container\">\n\t\t\t\t\t\t\t\t\t<div class=\"elementor-button-wrapper\">\n\t\t\t\t\t<a class=\"elementor-button elementor-button-link elementor-size-sm\" href=\"https:\/\/exporteers.com\/de\/buchen-sie-eine-beratung\/\">\n\t\t\t\t\t\t<span class=\"elementor-button-content-wrapper\">\n\t\t\t\t\t\t\t\t\t<span class=\"elementor-button-text\">Buchen Sie hier<\/span>\n\t\t\t\t\t<\/span>\n\t\t\t\t\t<\/a>\n\t\t\t\t<\/div>\n\t\t\t\t\t\t\t\t<\/div>\n\t\t\t\t<\/div>\n\t\t\t\t<\/div>\n\t\t\t\t<div class=\"elementor-element elementor-element-eee7b54 elementor-widget elementor-widget-text-editor\" data-id=\"eee7b54\" data-element_type=\"widget\" data-e-type=\"widget\" data-widget_type=\"text-editor.default\">\n\t\t\t\t<div class=\"elementor-widget-container\">\n\t\t\t\t\t\t\t\t\t<h3>Einblicke in den Markt<\/h3>\t\t\t\t\t\t\t\t<\/div>\n\t\t\t\t<\/div>\n\t\t<div class=\"elementor-element elementor-element-21a6734 e-con-full e-flex e-con e-child\" data-id=\"21a6734\" data-element_type=\"container\" data-e-type=\"container\" data-settings=\"{&quot;background_background&quot;:&quot;classic&quot;}\">\n\t\t\t\t<div class=\"elementor-element elementor-element-911a9ab elementor-widget elementor-widget-text-editor\" data-id=\"911a9ab\" data-element_type=\"widget\" data-e-type=\"widget\" data-widget_type=\"text-editor.default\">\n\t\t\t\t<div class=\"elementor-widget-container\">\n\t\t\t\t\t\t\t\t\t<ul><li>Frische Einblicke in Trends und Nachfrage in einem Land<\/li><li>\u00dcberpr\u00fcfung der Mitbewerber<\/li><li>M\u00f6gliche Vertriebsstrategien<\/li><li>Beispiele f\u00fcr potenzielle Partner und deren Herausforderungen<\/li><\/ul>\t\t\t\t\t\t\t\t<\/div>\n\t\t\t\t<\/div>\n\t\t\t\t<\/div>\n\t\t\t\t<div class=\"elementor-element elementor-element-dbcb53e elementor-widget elementor-widget-text-editor\" data-id=\"dbcb53e\" data-element_type=\"widget\" data-e-type=\"widget\" data-widget_type=\"text-editor.default\">\n\t\t\t\t<div class=\"elementor-widget-container\">\n\t\t\t\t\t\t\t\t\t<p>\u20ac 3.000 bis \u20ac 6.000, abh\u00e4ngig von Ihrem Zielland<\/p><p>dauert etwa 3 Wochen<\/p>\t\t\t\t\t\t\t\t<\/div>\n\t\t\t\t<\/div>\n\t\t\t\t<div class=\"elementor-element elementor-element-0ad3854 elementor-widget elementor-widget-text-editor\" data-id=\"0ad3854\" data-element_type=\"widget\" data-e-type=\"widget\" data-widget_type=\"text-editor.default\">\n\t\t\t\t<div class=\"elementor-widget-container\">\n\t\t\t\t\t\t\t\t\t<h3>Finanzielle Struktur<\/h3>\t\t\t\t\t\t\t\t<\/div>\n\t\t\t\t<\/div>\n\t\t<div class=\"elementor-element elementor-element-0986921 e-con-full e-flex e-con e-child\" data-id=\"0986921\" data-element_type=\"container\" data-e-type=\"container\" data-settings=\"{&quot;background_background&quot;:&quot;classic&quot;}\">\n\t\t\t\t<div class=\"elementor-element elementor-element-e02f574 elementor-widget elementor-widget-text-editor\" data-id=\"e02f574\" data-element_type=\"widget\" data-e-type=\"widget\" data-widget_type=\"text-editor.default\">\n\t\t\t\t<div class=\"elementor-widget-container\">\n\t\t\t\t\t\t\t\t\t<ul><li>Prognosen f\u00fcr das Umsatzwachstum<\/li><li>Sch\u00e4tzung der Markteintritts- und Marketingkosten<\/li><li>Investitionen und Betriebskapitalbedarf<\/li><li>H\u00e4ndlermargen und Ihr Verhandlungsspielraum<\/li><\/ul>\t\t\t\t\t\t\t\t<\/div>\n\t\t\t\t<\/div>\n\t\t\t\t<\/div>\n\t\t\t\t<div class=\"elementor-element elementor-element-7319a50 elementor-widget elementor-widget-text-editor\" data-id=\"7319a50\" data-element_type=\"widget\" data-e-type=\"widget\" data-widget_type=\"text-editor.default\">\n\t\t\t\t<div class=\"elementor-widget-container\">\n\t\t\t\t\t\t\t\t\t<p>3.000 \u20ac f\u00fcr den Aufbau der kompletten Finanzstruktur<\/p><p>dauert etwa 2 Wochen<\/p>\t\t\t\t\t\t\t\t<\/div>\n\t\t\t\t<\/div>\n\t\t\t\t<div class=\"elementor-element elementor-element-9dfa56b elementor-widget elementor-widget-text-editor\" data-id=\"9dfa56b\" data-element_type=\"widget\" data-e-type=\"widget\" data-widget_type=\"text-editor.default\">\n\t\t\t\t<div class=\"elementor-widget-container\">\n\t\t\t\t\t\t\t\t\t<h3>Vertriebspartner Pr\u00e4sentation<\/h3>\t\t\t\t\t\t\t\t<\/div>\n\t\t\t\t<\/div>\n\t\t<div class=\"elementor-element elementor-element-fef5f0d e-con-full e-flex e-con e-child\" data-id=\"fef5f0d\" data-element_type=\"container\" data-e-type=\"container\" data-settings=\"{&quot;background_background&quot;:&quot;classic&quot;}\">\n\t\t\t\t<div class=\"elementor-element elementor-element-3218414 elementor-widget elementor-widget-text-editor\" data-id=\"3218414\" data-element_type=\"widget\" data-e-type=\"widget\" data-widget_type=\"text-editor.default\">\n\t\t\t\t<div class=\"elementor-widget-container\">\n\t\t\t\t\t\t\t\t\t<ul>\n<li>Schmerzpunkte und Chancen f\u00fcr Vertriebspartner<\/li>\n<li>Ihr Alleinstellungsmerkmal<\/li>\n<li>Ein schrittweiser Plan f\u00fcr Markteintritt und Export<\/li>\n<li>Alle Finanzdaten in professionellen Grafiken<\/li>\n<li>Vorgeschlagene n\u00e4chste Schritte<\/li>\n<\/ul>\t\t\t\t\t\t\t\t<\/div>\n\t\t\t\t<\/div>\n\t\t\t\t<\/div>\n\t\t\t\t<div class=\"elementor-element elementor-element-b66df08 elementor-widget elementor-widget-text-editor\" data-id=\"b66df08\" data-element_type=\"widget\" data-e-type=\"widget\" data-widget_type=\"text-editor.default\">\n\t\t\t\t<div class=\"elementor-widget-container\">\n\t\t\t\t\t\t\t\t\t<p>\u20ac 3.000 f\u00fcr eine ma\u00dfgeschneiderte H\u00e4ndlerpr\u00e4sentation<\/p><p>dauert etwa 2 Wochen<\/p>\t\t\t\t\t\t\t\t<\/div>\n\t\t\t\t<\/div>\n\t\t\t\t<\/div>\n\t\t\t\t\t<\/div>\n\t\t\t\t<\/div>\n\t\t<div class=\"elementor-element elementor-element-228c149 e-flex e-con-boxed e-con e-parent\" data-id=\"228c149\" data-element_type=\"container\" data-e-type=\"container\">\n\t\t\t\t\t<div class=\"e-con-inner\">\n\t\t<div class=\"elementor-element elementor-element-57fe21a e-con-full e-flex e-con e-child\" data-id=\"57fe21a\" data-element_type=\"container\" data-e-type=\"container\">\n\t\t\t\t<div class=\"elementor-element elementor-element-db16ce2 elementor-widget elementor-widget-text-editor\" data-id=\"db16ce2\" data-element_type=\"widget\" data-e-type=\"widget\" data-widget_type=\"text-editor.default\">\n\t\t\t\t<div class=\"elementor-widget-container\">\n\t\t\t\t\t\t\t\t\t<p>Danach werden Sie in der Lage sein, die Vertriebsh\u00e4ndler Ihrer Wahl erfolgreich anzusprechen, und wenn Sprache oder Kultur ein Problem darstellen, k\u00f6nnen unsere Berater vor Ort helfen.<\/p>\t\t\t\t\t\t\t\t<\/div>\n\t\t\t\t<\/div>\n\t\t<div class=\"elementor-element elementor-element-7a3c7db e-grid e-con-full e-con e-child\" data-id=\"7a3c7db\" data-element_type=\"container\" data-e-type=\"container\">\n\t\t<div class=\"elementor-element elementor-element-bbf048c e-con-full e-flex e-con e-child\" data-id=\"bbf048c\" data-element_type=\"container\" data-e-type=\"container\">\n\t\t\t\t<div class=\"elementor-element elementor-element-67424a3 elementor-widget elementor-widget-heading\" data-id=\"67424a3\" data-element_type=\"widget\" data-e-type=\"widget\" data-widget_type=\"heading.default\">\n\t\t\t\t<div class=\"elementor-widget-container\">\n\t\t\t\t\t<h2 class=\"elementor-heading-title elementor-size-default\">Ein Beispiel f\u00fcr eine H\u00e4ndlerpr\u00e4sentation<\/h2>\t\t\t\t<\/div>\n\t\t\t\t<\/div>\n\t\t\t\t<div class=\"elementor-element elementor-element-25a03c8 elementor-widget elementor-widget-text-editor\" data-id=\"25a03c8\" data-element_type=\"widget\" data-e-type=\"widget\" data-widget_type=\"text-editor.default\">\n\t\t\t\t<div class=\"elementor-widget-container\">\n\t\t\t\t\t\t\t\t\t<p>Werfen Sie einen Blick auf die Vertriebspr\u00e4sentation, die wir f\u00fcr eine britische Teemarke erstellt haben, die nach Deutschland gehen m\u00f6chte. Auf Folie 6 zeigen wir sogar, wo das Produkt in den Regalen stehen sollte und welche Produkte ersetzt werden sollten. <\/p><p>Nat\u00fcrlich ist jedes Produkt anders, deshalb schneiden wir eine solche Pr\u00e4sentation auf Ihre Marke und auf die Bed\u00fcrfnisse der H\u00e4ndler in Ihrem speziellen Sektor zu.<\/p>\t\t\t\t\t\t\t\t<\/div>\n\t\t\t\t<\/div>\n\t\t\t\t<div class=\"elementor-element elementor-element-f8eb7cc elementor-widget elementor-widget-html\" data-id=\"f8eb7cc\" data-element_type=\"widget\" data-e-type=\"widget\" data-widget_type=\"html.default\">\n\t\t\t\t<div class=\"elementor-widget-container\">\n\t\t\t\t\t<a href=\"https:\/\/exporteers.com\/wp-content\/uploads\/Exporteers-Distributor-presentation-Blooming-Tea.pdf\" class=\"pdfemb-viewer\" style=\"\" data-width=\"max\" data-height=\"max\" data-toolbar=\"bottom\" data-toolbar-fixed=\"off\">Exporteers-Distributor-presentation-Blooming-Tea<\/a>\t\t\t\t<\/div>\n\t\t\t\t<\/div>\n\t\t\t\t<\/div>\n\t\t<div class=\"elementor-element elementor-element-0bad8b6 e-con-full e-flex e-con e-child\" data-id=\"0bad8b6\" data-element_type=\"container\" data-e-type=\"container\">\n\t\t\t\t<div class=\"elementor-element elementor-element-6f38c4c elementor-widget elementor-widget-heading\" data-id=\"6f38c4c\" data-element_type=\"widget\" data-e-type=\"widget\" data-widget_type=\"heading.default\">\n\t\t\t\t<div class=\"elementor-widget-container\">\n\t\t\t\t\t<h2 class=\"elementor-heading-title elementor-size-default\">Wir betreiben Marktforschung in \u00fcber 30 L\u00e4ndern<\/h2>\t\t\t\t<\/div>\n\t\t\t\t<\/div>\n\t\t<div class=\"elementor-element elementor-element-852b0a3 e-grid e-con-full e-con e-child\" data-id=\"852b0a3\" data-element_type=\"container\" data-e-type=\"container\">\n\t\t\t\t<div class=\"elementor-element elementor-element-ba8d60c elementor-widget elementor-widget-text-editor\" data-id=\"ba8d60c\" data-element_type=\"widget\" data-e-type=\"widget\" data-widget_type=\"text-editor.default\">\n\t\t\t\t<div class=\"elementor-widget-container\">\n\t\t\t\t\t\t\t\t\t<p><strong>Amerikas<\/strong><\/p><ul><li>Kanada<\/li><li>Vereinigte Staaten<\/li><li>Mexiko<\/li><li>Panama<\/li><li>Brasilien<\/li><\/ul><p><strong>Naher Osten &amp; Afrika<\/strong><\/p><ul><li>T\u00fcrkei<\/li><li>\u00c4gypten<\/li><li>Vereinigte Arabische Emirate<\/li><li>Oman<\/li><li>Marokko<\/li><li>Tunesien<\/li><li>Ghana<\/li><li>S\u00fcdafrika<\/li><\/ul>\t\t\t\t\t\t\t\t<\/div>\n\t\t\t\t<\/div>\n\t\t\t\t<div class=\"elementor-element elementor-element-2f1fe20 elementor-widget elementor-widget-text-editor\" data-id=\"2f1fe20\" data-element_type=\"widget\" data-e-type=\"widget\" data-widget_type=\"text-editor.default\">\n\t\t\t\t<div class=\"elementor-widget-container\">\n\t\t\t\t\t\t\t\t\t<p><strong>Europa<\/strong><\/p><ul><li>Vereinigtes K\u00f6nigreich<\/li><li>Niederlande<\/li><li>Belgien<\/li><li>Frankreich<\/li><li>Spanien<\/li><li>Italien<\/li><li>Deutschland<\/li><li>\u00d6sterreich<\/li><li>Schweiz<\/li><li>Polen<\/li><li>Rum\u00e4nien<\/li><\/ul>\t\t\t\t\t\t\t\t<\/div>\n\t\t\t\t<\/div>\n\t\t\t\t<div class=\"elementor-element elementor-element-53e5e24 elementor-widget elementor-widget-text-editor\" data-id=\"53e5e24\" data-element_type=\"widget\" data-e-type=\"widget\" data-widget_type=\"text-editor.default\">\n\t\t\t\t<div class=\"elementor-widget-container\">\n\t\t\t\t\t\t\t\t\t<p><strong>Asien<\/strong><\/p><ul><li>Indien<\/li><li>S\u00fcdkorea<\/li><li>Japan<\/li><li>China<\/li><li>Hongkong<\/li><li>Taiwan<\/li><li>Vietnam<\/li><li>Thailand<\/li><li>Malaysia<\/li><li>Singapur<\/li><li>Indonesien<\/li><\/ul><p><strong>Ozeanien<\/strong><\/p><ul><li>Australien<\/li><li>Neuseeland<\/li><\/ul>\t\t\t\t\t\t\t\t<\/div>\n\t\t\t\t<\/div>\n\t\t\t\t<\/div>\n\t\t\t\t<\/div>\n\t\t\t\t<\/div>\n\t\t\t\t<\/div>\n\t\t\t\t\t<\/div>\n\t\t\t\t<\/div>\n\t\t<div class=\"elementor-element elementor-element-5e287af e-flex e-con-boxed e-con e-parent\" data-id=\"5e287af\" data-element_type=\"container\" data-e-type=\"container\">\n\t\t\t\t\t<div class=\"e-con-inner\">\n\t\t\t\t<div class=\"elementor-element elementor-element-07393af elementor-widget elementor-widget-spacer\" data-id=\"07393af\" data-element_type=\"widget\" data-e-type=\"widget\" data-widget_type=\"spacer.default\">\n\t\t\t\t<div class=\"elementor-widget-container\">\n\t\t\t\t\t\t\t<div class=\"elementor-spacer\">\n\t\t\t<div class=\"elementor-spacer-inner\"><\/div>\n\t\t<\/div>\n\t\t\t\t\t\t<\/div>\n\t\t\t\t<\/div>\n\t\t\t\t\t<\/div>\n\t\t\t\t<\/div>\n\t\t\t\t<\/div>\n\t\t","protected":false},"excerpt":{"rendered":"<p>Sind Sie bereit, ausl\u00e4ndische Vertriebsh\u00e4ndler zu \u00fcberzeugen? Die meisten Vertriebspartner, mit denen Sie Gesch\u00e4fte machen m\u00f6chten, verkaufen bereits konkurrierende Produkte. Sie m\u00fcssen zeigen, dass Ihr Angebot ihnen h\u00f6here Gewinne bringt. Haben Sie Ihre Hausaufgaben schon gemacht? Kennen Sie die lokale Konkurrenz, die erforderlichen Margen und Ihre Erwartungen an Ihren lokalen Partner? Machen Sie den Check [&hellip;]<\/p>\n","protected":false},"author":2,"featured_media":0,"parent":0,"menu_order":0,"comment_status":"closed","ping_status":"open","template":"","meta":{"footnotes":""},"class_list":["post-54913","page","type-page","status-publish","hentry"],"_links":{"self":[{"href":"https:\/\/exporteers.com\/de\/wp-json\/wp\/v2\/pages\/54913","targetHints":{"allow":["GET"]}}],"collection":[{"href":"https:\/\/exporteers.com\/de\/wp-json\/wp\/v2\/pages"}],"about":[{"href":"https:\/\/exporteers.com\/de\/wp-json\/wp\/v2\/types\/page"}],"author":[{"embeddable":true,"href":"https:\/\/exporteers.com\/de\/wp-json\/wp\/v2\/users\/2"}],"replies":[{"embeddable":true,"href":"https:\/\/exporteers.com\/de\/wp-json\/wp\/v2\/comments?post=54913"}],"version-history":[{"count":5,"href":"https:\/\/exporteers.com\/de\/wp-json\/wp\/v2\/pages\/54913\/revisions"}],"predecessor-version":[{"id":57509,"href":"https:\/\/exporteers.com\/de\/wp-json\/wp\/v2\/pages\/54913\/revisions\/57509"}],"wp:attachment":[{"href":"https:\/\/exporteers.com\/de\/wp-json\/wp\/v2\/media?parent=54913"}],"curies":[{"name":"wp","href":"https:\/\/api.w.org\/{rel}","templated":true}]}}