{"id":54939,"date":"2026-02-06T15:14:17","date_gmt":"2026-02-06T14:14:17","guid":{"rendered":"https:\/\/wy9ew7dhzo-staging.onrocket.site\/comprobacion-de-la-disponibilidad-del-distribuidor\/"},"modified":"2026-03-05T11:23:52","modified_gmt":"2026-03-05T10:23:52","slug":"distributor-readiness-check","status":"publish","type":"page","link":"https:\/\/exporteers.com\/es\/distributor-readiness-check\/","title":{"rendered":"Inicie el an\u00e1lisis"},"content":{"rendered":"\t\t<div data-elementor-type=\"wp-post\" data-elementor-id=\"54939\" class=\"elementor elementor-54939 elementor-54662\" data-elementor-post-type=\"page\">\n\t\t\t\t<div class=\"elementor-element elementor-element-51eecae e-grid e-con-boxed e-con e-parent\" data-id=\"51eecae\" data-element_type=\"container\" data-e-type=\"container\">\n\t\t\t\t\t<div class=\"e-con-inner\">\n\t\t<div class=\"elementor-element elementor-element-6bc2297 e-con-full e-flex e-con e-child\" data-id=\"6bc2297\" data-element_type=\"container\" data-e-type=\"container\">\n\t\t\t\t<div class=\"elementor-element elementor-element-454c043 dr-page elementor-widget elementor-widget-heading\" data-id=\"454c043\" data-element_type=\"widget\" data-e-type=\"widget\" data-widget_type=\"heading.default\">\n\t\t\t\t<div class=\"elementor-widget-container\">\n\t\t\t\t\t<h1 class=\"elementor-heading-title elementor-size-default\">\u00bfEst\u00e1 preparado para convencer a los distribuidores extranjeros?<\/h1>\t\t\t\t<\/div>\n\t\t\t\t<\/div>\n\t\t\t\t<div class=\"elementor-element elementor-element-ba2e429 me-intro elementor-widget elementor-widget-text-editor\" data-id=\"ba2e429\" data-element_type=\"widget\" data-e-type=\"widget\" data-widget_type=\"text-editor.default\">\n\t\t\t\t<div class=\"elementor-widget-container\">\n\t\t\t\t\t\t\t\t\t<p>La mayor\u00eda de los socios distribuidores con los que desea hacer negocios ya venden productos de la competencia. Tiene que demostrar que su oferta les reportar\u00e1 mayores beneficios. <\/p><p>\u00bfHa hecho ya los deberes? \u00bfConoce la competencia local, los m\u00e1rgenes necesarios y lo que espera de su socio local? <\/p><h2>Haga la comprobaci\u00f3n y vea lo preparado que est\u00e1<\/h2>\t\t\t\t\t\t\t\t<\/div>\n\t\t\t\t<\/div>\n\t\t\t\t<\/div>\n\t\t<div class=\"elementor-element elementor-element-3a6c310 e-con-full elementor-hidden-tablet elementor-hidden-mobile e-flex e-con e-child\" data-id=\"3a6c310\" data-element_type=\"container\" data-e-type=\"container\">\n\t\t\t\t<div class=\"elementor-element elementor-element-04d5486 elementor-widget elementor-widget-image\" data-id=\"04d5486\" data-element_type=\"widget\" data-e-type=\"widget\" data-widget_type=\"image.default\">\n\t\t\t\t<div class=\"elementor-widget-container\">\n\t\t\t\t\t\t\t\t\t\t\t\t\t\t\t<img fetchpriority=\"high\" decoding=\"async\" width=\"800\" height=\"399\" src=\"https:\/\/exporteers.com\/wp-content\/uploads\/Distributor-warehouse-1024x511.jpg\" class=\"attachment-large size-large wp-image-14058\" alt=\"Distribuidor\" srcset=\"https:\/\/exporteers.com\/wp-content\/uploads\/Distributor-warehouse-1024x511.jpg 1024w, https:\/\/exporteers.com\/wp-content\/uploads\/Distributor-warehouse-300x150.jpg 300w, https:\/\/exporteers.com\/wp-content\/uploads\/Distributor-warehouse-768x383.jpg 768w, https:\/\/exporteers.com\/wp-content\/uploads\/Distributor-warehouse.jpg 1200w\" sizes=\"(max-width: 800px) 100vw, 800px\" \/>\t\t\t\t\t\t\t\t\t\t\t\t\t\t\t<\/div>\n\t\t\t\t<\/div>\n\t\t\t\t<\/div>\n\t\t\t\t\t<\/div>\n\t\t\t\t<\/div>\n\t\t<div class=\"elementor-element elementor-element-9609463 e-flex e-con-boxed e-con e-parent\" data-id=\"9609463\" data-element_type=\"container\" data-e-type=\"container\">\n\t\t\t\t\t<div class=\"e-con-inner\">\n\t\t<div class=\"elementor-element elementor-element-f12d873 e-con-full e-flex e-con e-child\" data-id=\"f12d873\" data-element_type=\"container\" data-e-type=\"container\">\n\t\t\t\t<div class=\"elementor-element elementor-element-ef8808f elementor-widget elementor-widget-html\" data-id=\"ef8808f\" data-element_type=\"widget\" data-e-type=\"widget\" data-widget_type=\"html.default\">\n\t\t\t\t<div class=\"elementor-widget-container\">\n\t\t\t\t\t  <div class=\"expt-chat\" id=\"expt-me\" data-country=\"\">\n    <div class=\"expt-chat__log\" id=\"expt-me-log\" aria-live=\"polite\"><\/div>\n    <div class=\"expt-chat__thinking\" id=\"expt-me-thinking\" style=\"display:none;\">Exporteers is thinking\u2026<\/div>\n    <div class=\"expt-chat__bar\">\n      <input class=\"expt-chat__input\" id=\"expt-me-input\" type=\"text\" placeholder=\"Type your answer\u2026\" autocomplete=\"off\" \/>\n      <button class=\"expt-chat__send\" id=\"expt-me-send\" type=\"button\">Send<\/button>\n    <\/div>\n  <\/div>\n  \t\t\t\t<\/div>\n\t\t\t\t<\/div>\n\t\t\t\t<\/div>\n\t\t\t\t\t<\/div>\n\t\t\t\t<\/div>\n\t\t<div class=\"elementor-element elementor-element-6f4ae9e e-flex e-con-boxed e-con e-parent\" data-id=\"6f4ae9e\" data-element_type=\"container\" data-e-type=\"container\" id=\"fees\">\n\t\t\t\t\t<div class=\"e-con-inner\">\n\t\t<div class=\"elementor-element elementor-element-dd19e71 e-con-full e-flex e-con e-child\" data-id=\"dd19e71\" data-element_type=\"container\" data-e-type=\"container\">\n\t\t\t\t<div class=\"elementor-element elementor-element-739b91f elementor-widget elementor-widget-heading\" data-id=\"739b91f\" data-element_type=\"widget\" data-e-type=\"widget\" data-widget_type=\"heading.default\">\n\t\t\t\t<div class=\"elementor-widget-container\">\n\t\t\t\t\t<h2 class=\"elementor-heading-title elementor-size-default\">\u00bfRecibiendo rechazos? As\u00ed es como ayudamos a las empresas a tener \u00e9xito. <\/h2>\t\t\t\t<\/div>\n\t\t\t\t<\/div>\n\t\t\t\t<div class=\"elementor-element elementor-element-b8ba056 elementor-widget elementor-widget-text-editor\" data-id=\"b8ba056\" data-element_type=\"widget\" data-e-type=\"widget\" data-widget_type=\"text-editor.default\">\n\t\t\t\t<div class=\"elementor-widget-container\">\n\t\t\t\t\t\t\t\t\t<p>Cuanto mejor conozca un nuevo mercado y m\u00e1s haya pensado en su propio posicionamiento, m\u00e1s f\u00e1cil le resultar\u00e1 convencer a un distribuidor para que trabaje con usted. Pero esto requiere preparaci\u00f3n.  Vea a continuaci\u00f3n nuestro planteamiento paso a paso, incluidos los precios.  <\/p>\t\t\t\t\t\t\t\t<\/div>\n\t\t\t\t<\/div>\n\t\t\t\t<\/div>\n\t\t\t\t\t<\/div>\n\t\t\t\t<\/div>\n\t\t<div class=\"elementor-element elementor-element-1fa412b e-flex e-con-boxed e-con e-parent\" data-id=\"1fa412b\" data-element_type=\"container\" data-e-type=\"container\">\n\t\t\t\t\t<div class=\"e-con-inner\">\n\t\t<div class=\"elementor-element elementor-element-8dad1f0 e-grid e-con-full e-con e-child\" data-id=\"8dad1f0\" data-element_type=\"container\" data-e-type=\"container\">\n\t\t\t\t<div class=\"elementor-element elementor-element-6b9fda3 elementor-widget elementor-widget-text-editor\" data-id=\"6b9fda3\" data-element_type=\"widget\" data-e-type=\"widget\" data-widget_type=\"text-editor.default\">\n\t\t\t\t<div class=\"elementor-widget-container\">\n\t\t\t\t\t\t\t\t\t<h3>An\u00e1lisis de carencias<\/h3>\t\t\t\t\t\t\t\t<\/div>\n\t\t\t\t<\/div>\n\t\t<div class=\"elementor-element elementor-element-4dfedf1 e-con-full e-flex e-con e-child\" data-id=\"4dfedf1\" data-element_type=\"container\" data-e-type=\"container\" data-settings=\"{&quot;background_background&quot;:&quot;classic&quot;}\">\n\t\t\t\t<div class=\"elementor-element elementor-element-3bfa367 elementor-widget elementor-widget-text-editor\" data-id=\"3bfa367\" data-element_type=\"widget\" data-e-type=\"widget\" data-widget_type=\"text-editor.default\">\n\t\t\t\t<div class=\"elementor-widget-container\">\n\t\t\t\t\t\t\t\t\t<ul><li>\u00bfSe dirige al pa\u00eds adecuado?<\/li><li>Revisi\u00f3n de su propuesta de valor<\/li><li>\u00bfQu\u00e9 preguntas tendr\u00eda un distribuidor?<\/li><li>\u00bfQu\u00e9 necesita para responder a estas preguntas?<\/li><\/ul>\t\t\t\t\t\t\t\t<\/div>\n\t\t\t\t<\/div>\n\t\t\t\t<\/div>\n\t\t<div class=\"elementor-element elementor-element-1737893 e-con-full e-flex e-con e-child\" data-id=\"1737893\" data-element_type=\"container\" data-e-type=\"container\">\n\t\t\t\t<div class=\"elementor-element elementor-element-f986821 elementor-widget elementor-widget-text-editor\" data-id=\"f986821\" data-element_type=\"widget\" data-e-type=\"widget\" data-widget_type=\"text-editor.default\">\n\t\t\t\t<div class=\"elementor-widget-container\">\n\t\t\t\t\t\t\t\t\t<p>150 euros por una consulta de 90 minutos<\/p>\t\t\t\t\t\t\t\t<\/div>\n\t\t\t\t<\/div>\n\t\t\t\t<div class=\"elementor-element elementor-element-5b1c4b2 elementor-align-justify elementor-widget elementor-widget-button\" data-id=\"5b1c4b2\" data-element_type=\"widget\" data-e-type=\"widget\" data-widget_type=\"button.default\">\n\t\t\t\t<div class=\"elementor-widget-container\">\n\t\t\t\t\t\t\t\t\t<div class=\"elementor-button-wrapper\">\n\t\t\t\t\t<a class=\"elementor-button elementor-button-link elementor-size-sm\" href=\"https:\/\/exporteers.com\/es\/reserve-una-consulta\/\">\n\t\t\t\t\t\t<span class=\"elementor-button-content-wrapper\">\n\t\t\t\t\t\t\t\t\t<span class=\"elementor-button-text\">Res\u00e9rvelo aqu\u00ed<\/span>\n\t\t\t\t\t<\/span>\n\t\t\t\t\t<\/a>\n\t\t\t\t<\/div>\n\t\t\t\t\t\t\t\t<\/div>\n\t\t\t\t<\/div>\n\t\t\t\t<\/div>\n\t\t\t\t<div class=\"elementor-element elementor-element-eee7b54 elementor-widget elementor-widget-text-editor\" data-id=\"eee7b54\" data-element_type=\"widget\" data-e-type=\"widget\" data-widget_type=\"text-editor.default\">\n\t\t\t\t<div class=\"elementor-widget-container\">\n\t\t\t\t\t\t\t\t\t<h3>Perspectivas del mercado<\/h3>\t\t\t\t\t\t\t\t<\/div>\n\t\t\t\t<\/div>\n\t\t<div class=\"elementor-element elementor-element-21a6734 e-con-full e-flex e-con e-child\" data-id=\"21a6734\" data-element_type=\"container\" data-e-type=\"container\" data-settings=\"{&quot;background_background&quot;:&quot;classic&quot;}\">\n\t\t\t\t<div class=\"elementor-element elementor-element-911a9ab elementor-widget elementor-widget-text-editor\" data-id=\"911a9ab\" data-element_type=\"widget\" data-e-type=\"widget\" data-widget_type=\"text-editor.default\">\n\t\t\t\t<div class=\"elementor-widget-container\">\n\t\t\t\t\t\t\t\t\t<ul><li>Nuevas perspectivas sobre las tendencias y la demanda de un pa\u00eds<\/li><li>Examen de la competencia<\/li><li>Posibles estrategias de distribuci\u00f3n<\/li><li>Ejemplos de socios potenciales con los que trabajar y sus retos<\/li><\/ul>\t\t\t\t\t\t\t\t<\/div>\n\t\t\t\t<\/div>\n\t\t\t\t<\/div>\n\t\t\t\t<div class=\"elementor-element elementor-element-dbcb53e elementor-widget elementor-widget-text-editor\" data-id=\"dbcb53e\" data-element_type=\"widget\" data-e-type=\"widget\" data-widget_type=\"text-editor.default\">\n\t\t\t\t<div class=\"elementor-widget-container\">\n\t\t\t\t\t\t\t\t\t<p>De 3.000 a 6.000 euros, seg\u00fan el pa\u00eds de destino<\/p><p>tarda unas 3 semanas<\/p>\t\t\t\t\t\t\t\t<\/div>\n\t\t\t\t<\/div>\n\t\t\t\t<div class=\"elementor-element elementor-element-0ad3854 elementor-widget elementor-widget-text-editor\" data-id=\"0ad3854\" data-element_type=\"widget\" data-e-type=\"widget\" data-widget_type=\"text-editor.default\">\n\t\t\t\t<div class=\"elementor-widget-container\">\n\t\t\t\t\t\t\t\t\t<h3>Estructura financiera<\/h3>\t\t\t\t\t\t\t\t<\/div>\n\t\t\t\t<\/div>\n\t\t<div class=\"elementor-element elementor-element-0986921 e-con-full e-flex e-con e-child\" data-id=\"0986921\" data-element_type=\"container\" data-e-type=\"container\" data-settings=\"{&quot;background_background&quot;:&quot;classic&quot;}\">\n\t\t\t\t<div class=\"elementor-element elementor-element-e02f574 elementor-widget elementor-widget-text-editor\" data-id=\"e02f574\" data-element_type=\"widget\" data-e-type=\"widget\" data-widget_type=\"text-editor.default\">\n\t\t\t\t<div class=\"elementor-widget-container\">\n\t\t\t\t\t\t\t\t\t<ul><li>Previsiones de crecimiento de la facturaci\u00f3n<\/li><li>Estimaci\u00f3n de los costes de entrada en el mercado y de comercializaci\u00f3n<\/li><li>Inversiones y necesidades de capital circulante<\/li><li>Los m\u00e1rgenes de los distribuidores y su sala de negociaci\u00f3n<\/li><\/ul>\t\t\t\t\t\t\t\t<\/div>\n\t\t\t\t<\/div>\n\t\t\t\t<\/div>\n\t\t\t\t<div class=\"elementor-element elementor-element-7319a50 elementor-widget elementor-widget-text-editor\" data-id=\"7319a50\" data-element_type=\"widget\" data-e-type=\"widget\" data-widget_type=\"text-editor.default\">\n\t\t\t\t<div class=\"elementor-widget-container\">\n\t\t\t\t\t\t\t\t\t<p>3.000 euros para establecer la estructura financiera completa<\/p><p>tarda unas 2 semanas<\/p>\t\t\t\t\t\t\t\t<\/div>\n\t\t\t\t<\/div>\n\t\t\t\t<div class=\"elementor-element elementor-element-9dfa56b elementor-widget elementor-widget-text-editor\" data-id=\"9dfa56b\" data-element_type=\"widget\" data-e-type=\"widget\" data-widget_type=\"text-editor.default\">\n\t\t\t\t<div class=\"elementor-widget-container\">\n\t\t\t\t\t\t\t\t\t<h3>Presentaci\u00f3n para distribuidores<\/h3>\t\t\t\t\t\t\t\t<\/div>\n\t\t\t\t<\/div>\n\t\t<div class=\"elementor-element elementor-element-fef5f0d e-con-full e-flex e-con e-child\" data-id=\"fef5f0d\" data-element_type=\"container\" data-e-type=\"container\" data-settings=\"{&quot;background_background&quot;:&quot;classic&quot;}\">\n\t\t\t\t<div class=\"elementor-element elementor-element-3218414 elementor-widget elementor-widget-text-editor\" data-id=\"3218414\" data-element_type=\"widget\" data-e-type=\"widget\" data-widget_type=\"text-editor.default\">\n\t\t\t\t<div class=\"elementor-widget-container\">\n\t\t\t\t\t\t\t\t\t<ul>\n<li>Puntos d\u00e9biles y oportunidades de los distribuidores<\/li>\n<li>Sus puntos de venta exclusivos<\/li>\n<li>Un plan paso a paso de entrada en el mercado y exportaci\u00f3n<\/li>\n<li>Todas las finanzas en gr\u00e1ficos profesionales<\/li>\n<li>Pr\u00f3ximos pasos sugeridos<\/li>\n<\/ul>\t\t\t\t\t\t\t\t<\/div>\n\t\t\t\t<\/div>\n\t\t\t\t<\/div>\n\t\t\t\t<div class=\"elementor-element elementor-element-b66df08 elementor-widget elementor-widget-text-editor\" data-id=\"b66df08\" data-element_type=\"widget\" data-e-type=\"widget\" data-widget_type=\"text-editor.default\">\n\t\t\t\t<div class=\"elementor-widget-container\">\n\t\t\t\t\t\t\t\t\t<p>3.000 euros por una presentaci\u00f3n personalizada para el distribuidor<\/p><p>tarda unas 2 semanas<\/p>\t\t\t\t\t\t\t\t<\/div>\n\t\t\t\t<\/div>\n\t\t\t\t<\/div>\n\t\t\t\t\t<\/div>\n\t\t\t\t<\/div>\n\t\t<div class=\"elementor-element elementor-element-228c149 e-flex e-con-boxed e-con e-parent\" data-id=\"228c149\" data-element_type=\"container\" data-e-type=\"container\">\n\t\t\t\t\t<div class=\"e-con-inner\">\n\t\t<div class=\"elementor-element elementor-element-57fe21a e-con-full e-flex e-con e-child\" data-id=\"57fe21a\" data-element_type=\"container\" data-e-type=\"container\">\n\t\t\t\t<div class=\"elementor-element elementor-element-db16ce2 elementor-widget elementor-widget-text-editor\" data-id=\"db16ce2\" data-element_type=\"widget\" data-e-type=\"widget\" data-widget_type=\"text-editor.default\">\n\t\t\t\t<div class=\"elementor-widget-container\">\n\t\t\t\t\t\t\t\t\t<p>Despu\u00e9s de esto estar\u00e1 preparado para acercarse con \u00e9xito a los distribuidores de su elecci\u00f3n, y si el idioma o la cultura son un problema, nuestros asesores locales pueden ayudarle.<\/p>\t\t\t\t\t\t\t\t<\/div>\n\t\t\t\t<\/div>\n\t\t<div class=\"elementor-element elementor-element-7a3c7db e-grid e-con-full e-con e-child\" data-id=\"7a3c7db\" data-element_type=\"container\" data-e-type=\"container\">\n\t\t<div class=\"elementor-element elementor-element-bbf048c e-con-full e-flex e-con e-child\" data-id=\"bbf048c\" data-element_type=\"container\" data-e-type=\"container\">\n\t\t\t\t<div class=\"elementor-element elementor-element-67424a3 elementor-widget elementor-widget-heading\" data-id=\"67424a3\" data-element_type=\"widget\" data-e-type=\"widget\" data-widget_type=\"heading.default\">\n\t\t\t\t<div class=\"elementor-widget-container\">\n\t\t\t\t\t<h2 class=\"elementor-heading-title elementor-size-default\">Un ejemplo de presentaci\u00f3n de un distribuidor<\/h2>\t\t\t\t<\/div>\n\t\t\t\t<\/div>\n\t\t\t\t<div class=\"elementor-element elementor-element-25a03c8 elementor-widget elementor-widget-text-editor\" data-id=\"25a03c8\" data-element_type=\"widget\" data-e-type=\"widget\" data-widget_type=\"text-editor.default\">\n\t\t\t\t<div class=\"elementor-widget-container\">\n\t\t\t\t\t\t\t\t\t<p>Eche un vistazo a la presentaci\u00f3n para distribuidores que hicimos para una marca de t\u00e9 del Reino Unido con la ambici\u00f3n de llegar a Alemania. En la diapositiva 6 se\u00f1alamos incluso d\u00f3nde debe estar el producto en los estantes y qu\u00e9 productos deben sustituirse. <\/p><p>Por supuesto, cada producto es diferente, por eso adaptamos dicha presentaci\u00f3n a su marca y a las necesidades de los distribuidores de su sector espec\u00edfico.<\/p>\t\t\t\t\t\t\t\t<\/div>\n\t\t\t\t<\/div>\n\t\t\t\t<div class=\"elementor-element elementor-element-f8eb7cc elementor-widget elementor-widget-html\" data-id=\"f8eb7cc\" data-element_type=\"widget\" data-e-type=\"widget\" data-widget_type=\"html.default\">\n\t\t\t\t<div class=\"elementor-widget-container\">\n\t\t\t\t\t<a href=\"https:\/\/exporteers.com\/wp-content\/uploads\/Exporteers-Distributor-presentation-Blooming-Tea.pdf\" class=\"pdfemb-viewer\" style=\"\" data-width=\"max\" data-height=\"max\" data-toolbar=\"bottom\" data-toolbar-fixed=\"off\">Exporteers-Distributor-presentation-Blooming-Tea<\/a>\t\t\t\t<\/div>\n\t\t\t\t<\/div>\n\t\t\t\t<\/div>\n\t\t<div class=\"elementor-element elementor-element-0bad8b6 e-con-full e-flex e-con e-child\" data-id=\"0bad8b6\" data-element_type=\"container\" data-e-type=\"container\">\n\t\t\t\t<div class=\"elementor-element elementor-element-6f38c4c elementor-widget elementor-widget-heading\" data-id=\"6f38c4c\" data-element_type=\"widget\" data-e-type=\"widget\" data-widget_type=\"heading.default\">\n\t\t\t\t<div class=\"elementor-widget-container\">\n\t\t\t\t\t<h2 class=\"elementor-heading-title elementor-size-default\">Realizamos estudios de mercado en m\u00e1s de 30 pa\u00edses<\/h2>\t\t\t\t<\/div>\n\t\t\t\t<\/div>\n\t\t<div class=\"elementor-element elementor-element-852b0a3 e-grid e-con-full e-con e-child\" data-id=\"852b0a3\" data-element_type=\"container\" data-e-type=\"container\">\n\t\t\t\t<div class=\"elementor-element elementor-element-ba8d60c elementor-widget elementor-widget-text-editor\" data-id=\"ba8d60c\" data-element_type=\"widget\" data-e-type=\"widget\" data-widget_type=\"text-editor.default\">\n\t\t\t\t<div class=\"elementor-widget-container\">\n\t\t\t\t\t\t\t\t\t<p><strong>Estados Unidos<\/strong><\/p><ul><li>Canad\u00e1<\/li><li>Estados Unidos<\/li><li>M\u00e9xico<\/li><li>Panam\u00e1<\/li><li>Brasil<\/li><\/ul><p><strong>Oriente Medio y \u00c1frica<\/strong><\/p><ul><li>Turqu\u00eda<\/li><li>Egipto<\/li><li>Emiratos \u00c1rabes Unidos<\/li><li>Om\u00e1n<\/li><li>Marruecos<\/li><li>T\u00fanez<\/li><li>Ghana<\/li><li>Sud\u00e1frica<\/li><\/ul>\t\t\t\t\t\t\t\t<\/div>\n\t\t\t\t<\/div>\n\t\t\t\t<div class=\"elementor-element elementor-element-2f1fe20 elementor-widget elementor-widget-text-editor\" data-id=\"2f1fe20\" data-element_type=\"widget\" data-e-type=\"widget\" data-widget_type=\"text-editor.default\">\n\t\t\t\t<div class=\"elementor-widget-container\">\n\t\t\t\t\t\t\t\t\t<p><strong>Europa<\/strong><\/p><ul><li>Reino Unido<\/li><li>Pa\u00edses Bajos<\/li><li>B\u00e9lgica<\/li><li>Francia<\/li><li>Espa\u00f1a<\/li><li>Italia<\/li><li>Alemania<\/li><li>Austria<\/li><li>Suiza<\/li><li>Polonia<\/li><li>Ruman\u00eda<\/li><\/ul>\t\t\t\t\t\t\t\t<\/div>\n\t\t\t\t<\/div>\n\t\t\t\t<div class=\"elementor-element elementor-element-53e5e24 elementor-widget elementor-widget-text-editor\" data-id=\"53e5e24\" data-element_type=\"widget\" data-e-type=\"widget\" data-widget_type=\"text-editor.default\">\n\t\t\t\t<div class=\"elementor-widget-container\">\n\t\t\t\t\t\t\t\t\t<p><strong>Asia<\/strong><\/p><ul><li>India<\/li><li>Corea del Sur<\/li><li>Jap\u00f3n<\/li><li>China<\/li><li>Hong Kong<\/li><li>Taiw\u00e1n<\/li><li>Vietnam<\/li><li>Tailandia<\/li><li>Malasia<\/li><li>Singapur<\/li><li>Indonesia<\/li><\/ul><p><strong>Ocean\u00eda<\/strong><\/p><ul><li>Australia<\/li><li>Nueva Zelanda<\/li><\/ul>\t\t\t\t\t\t\t\t<\/div>\n\t\t\t\t<\/div>\n\t\t\t\t<\/div>\n\t\t\t\t<\/div>\n\t\t\t\t<\/div>\n\t\t\t\t<\/div>\n\t\t\t\t\t<\/div>\n\t\t\t\t<\/div>\n\t\t<div class=\"elementor-element elementor-element-5e287af e-flex e-con-boxed e-con e-parent\" data-id=\"5e287af\" data-element_type=\"container\" data-e-type=\"container\">\n\t\t\t\t\t<div class=\"e-con-inner\">\n\t\t\t\t<div class=\"elementor-element elementor-element-07393af elementor-widget elementor-widget-spacer\" data-id=\"07393af\" data-element_type=\"widget\" data-e-type=\"widget\" data-widget_type=\"spacer.default\">\n\t\t\t\t<div class=\"elementor-widget-container\">\n\t\t\t\t\t\t\t<div class=\"elementor-spacer\">\n\t\t\t<div class=\"elementor-spacer-inner\"><\/div>\n\t\t<\/div>\n\t\t\t\t\t\t<\/div>\n\t\t\t\t<\/div>\n\t\t\t\t\t<\/div>\n\t\t\t\t<\/div>\n\t\t\t\t<\/div>\n\t\t","protected":false},"excerpt":{"rendered":"<p>\u00bfEst\u00e1 preparado para convencer a los distribuidores extranjeros? La mayor\u00eda de los socios distribuidores con los que desea hacer negocios ya venden productos de la competencia. Tiene que demostrar que su oferta les reportar\u00e1 mayores beneficios. \u00bfHa hecho ya los deberes? \u00bfConoce la competencia local, los m\u00e1rgenes necesarios y lo que espera de su socio [&hellip;]<\/p>\n","protected":false},"author":2,"featured_media":0,"parent":0,"menu_order":0,"comment_status":"closed","ping_status":"open","template":"","meta":{"footnotes":""},"class_list":["post-54939","page","type-page","status-publish","hentry"],"_links":{"self":[{"href":"https:\/\/exporteers.com\/es\/wp-json\/wp\/v2\/pages\/54939","targetHints":{"allow":["GET"]}}],"collection":[{"href":"https:\/\/exporteers.com\/es\/wp-json\/wp\/v2\/pages"}],"about":[{"href":"https:\/\/exporteers.com\/es\/wp-json\/wp\/v2\/types\/page"}],"author":[{"embeddable":true,"href":"https:\/\/exporteers.com\/es\/wp-json\/wp\/v2\/users\/2"}],"replies":[{"embeddable":true,"href":"https:\/\/exporteers.com\/es\/wp-json\/wp\/v2\/comments?post=54939"}],"version-history":[{"count":5,"href":"https:\/\/exporteers.com\/es\/wp-json\/wp\/v2\/pages\/54939\/revisions"}],"predecessor-version":[{"id":57514,"href":"https:\/\/exporteers.com\/es\/wp-json\/wp\/v2\/pages\/54939\/revisions\/57514"}],"wp:attachment":[{"href":"https:\/\/exporteers.com\/es\/wp-json\/wp\/v2\/media?parent=54939"}],"curies":[{"name":"wp","href":"https:\/\/api.w.org\/{rel}","templated":true}]}}