{"id":53989,"date":"2026-01-05T18:29:00","date_gmt":"2026-01-05T17:29:00","guid":{"rendered":"https:\/\/exporteers.com\/convalida-hs\/"},"modified":"2026-02-13T19:51:20","modified_gmt":"2026-02-13T18:51:20","slug":"convalida-hs","status":"publish","type":"page","link":"https:\/\/exporteers.com\/it\/convalida-hs\/","title":{"rendered":"Convalida HS"},"content":{"rendered":"\t\t<div data-elementor-type=\"wp-post\" data-elementor-id=\"53989\" class=\"elementor elementor-53989 elementor-53283\" data-elementor-post-type=\"page\">\n\t\t\t\t<div class=\"elementor-element elementor-element-51eecae e-grid e-con-boxed e-con e-parent\" data-id=\"51eecae\" data-element_type=\"container\" data-e-type=\"container\">\n\t\t\t\t\t<div class=\"e-con-inner\">\n\t\t<div class=\"elementor-element elementor-element-6bc2297 e-con-full e-flex e-con e-child\" data-id=\"6bc2297\" data-element_type=\"container\" data-e-type=\"container\">\n\t\t\t\t<div class=\"elementor-element elementor-element-454c043 hsvalidate elementor-widget elementor-widget-heading\" data-id=\"454c043\" data-element_type=\"widget\" data-e-type=\"widget\" data-widget_type=\"heading.default\">\n\t\t\t\t<div class=\"elementor-widget-container\">\n\t\t\t\t\t<h1 class=\"elementor-heading-title elementor-size-default\">Controllo del codice HS e rapporto di convalida delle tariffe<\/h1>\t\t\t\t<\/div>\n\t\t\t\t<\/div>\n\t\t\t\t<div class=\"elementor-element elementor-element-ba2e429 me-intro elementor-widget elementor-widget-text-editor\" data-id=\"ba2e429\" data-element_type=\"widget\" data-e-type=\"widget\" data-widget_type=\"text-editor.default\">\n\t\t\t\t<div class=\"elementor-widget-container\">\n\t\t\t\t\t\t\t\t\t<p>Quasi ogni Paese o blocco commerciale del mondo ha un proprio dettaglio nell&#8217;elenco internazionale dei codici HS.  <\/p><p>Con il nostro rapporto riduce fortemente il rischio di classificazioni errate, ritardi e dazi doganali pi\u00f9 alti del previsto.<\/p><p>Ci dica cosa vuole spedire e dove e noi le faremo tutte le domande pertinenti per ottenere il codice pi\u00f9 probabile per il Paese di destinazione.<\/p>\t\t\t\t\t\t\t\t<\/div>\n\t\t\t\t<\/div>\n\t\t\t\t<\/div>\n\t\t<div class=\"elementor-element elementor-element-3a6c310 e-con-full elementor-hidden-tablet elementor-hidden-mobile e-flex e-con e-child\" data-id=\"3a6c310\" data-element_type=\"container\" data-e-type=\"container\">\n\t\t\t\t<div class=\"elementor-element elementor-element-04d5486 elementor-widget elementor-widget-image\" data-id=\"04d5486\" data-element_type=\"widget\" data-e-type=\"widget\" data-widget_type=\"image.default\">\n\t\t\t\t<div class=\"elementor-widget-container\">\n\t\t\t\t\t\t\t\t\t\t\t\t\t\t\t<img fetchpriority=\"high\" decoding=\"async\" width=\"800\" height=\"400\" src=\"https:\/\/exporteers.com\/wp-content\/uploads\/Container-ship-Istanbul-1024x512.jpg\" class=\"attachment-large size-large wp-image-26858\" alt=\"Importatore\" srcset=\"https:\/\/exporteers.com\/wp-content\/uploads\/Container-ship-Istanbul-1024x512.jpg 1024w, https:\/\/exporteers.com\/wp-content\/uploads\/Container-ship-Istanbul-300x150.jpg 300w, https:\/\/exporteers.com\/wp-content\/uploads\/Container-ship-Istanbul-768x384.jpg 768w, https:\/\/exporteers.com\/wp-content\/uploads\/Container-ship-Istanbul.jpg 1200w\" sizes=\"(max-width: 800px) 100vw, 800px\" \/>\t\t\t\t\t\t\t\t\t\t\t\t\t\t\t<\/div>\n\t\t\t\t<\/div>\n\t\t\t\t<\/div>\n\t\t\t\t\t<\/div>\n\t\t\t\t<\/div>\n\t\t<div class=\"elementor-element elementor-element-4a5ed30 e-grid e-con-boxed e-con e-parent\" data-id=\"4a5ed30\" data-element_type=\"container\" data-e-type=\"container\">\n\t\t\t\t\t<div class=\"e-con-inner\">\n\t\t<div class=\"elementor-element elementor-element-f410d04 e-con-full e-flex e-con e-child\" data-id=\"f410d04\" data-element_type=\"container\" data-e-type=\"container\">\n\t\t\t\t<div class=\"elementor-element elementor-element-2cc714e elementor-widget elementor-widget-html\" data-id=\"2cc714e\" data-element_type=\"widget\" data-e-type=\"widget\" data-widget_type=\"html.default\">\n\t\t\t\t<div class=\"elementor-widget-container\">\n\t\t\t\t\t<div id=\"hs-intake\">\n\n  <div id=\"hs-chat\" style=\"display:block; margin-top:0px; border:1px solid #bbb; padding:12px; border-radius:5px;\">\n    <div id=\"hs-log\" style=\"min-height:110px; max-height:300px; overflow:auto; border:none; padding:0;\"><\/div>\n\n    <div style=\"display:flex; gap:8px; margin-top:10px;\">\n      <input id=\"hs-input\" type=\"text\" placeholder=\"Scriva la sua risposta...\" style=\"flex:1; padding:10px; border: solid 2px #0a71b5\">\n      <button id=\"hs-send\" type=\"button\">Inviare<\/button>\n    <\/div>\n\n    <div id=\"hs-status\" style=\"margin-top:8px; font-size:12px; color:#666;\"><\/div>\n  <\/div>\n\n<\/div>\n<script>\n(function () {\n  const chatBox  = document.getElementById('hs-chat');\n  const logEl    = document.getElementById('hs-log');\n  const inputEl  = document.getElementById('hs-input');\n  const sendBtn  = document.getElementById('hs-send');\n  const statusEl = document.getElementById('hs-status');\n\n  \/\/ Session id per bezoeker\n  const sessionKey = 'hs_session_id';\n  let sessionId = localStorage.getItem(sessionKey);\n  if (!sessionId) {\n    sessionId = crypto.randomUUID();\n    localStorage.setItem(sessionKey, sessionId);\n  }\n\n  function append(role, text) {\n    const div = document.createElement('div');\n    div.style.margin = '8px 0';\n\n    if (role) {\n      div.innerHTML = `<strong>${role}:<\/strong> ${text}`;\n    } else {\n      div.textContent = text;\n    }\n\n    logEl.appendChild(div);\n    logEl.scrollTop = logEl.scrollHeight;\n  }\n\n  async function sendMessage(text) {\n    statusEl.textContent = 'Working\u2026';\n\n    const resp = await fetch('\/wp-json\/expt\/v1\/hs-chat', {\n      method: 'POST',\n      headers: {'Content-Type': 'application\/json'},\n      body: JSON.stringify({ session_id: sessionId, message: text })\n    });\n\n    if (!resp.ok) {\n      statusEl.textContent = 'Error calling server.';\n      return;\n    }\n\n    const data = await resp.json();\n    statusEl.textContent = '';\n\n    if (data.reply) append('Exporteers', data.reply);\n\n    if (data.next_step_url) {\n      append(null, 'Redirecting to payment\u2026');\n      setTimeout(() => window.location.href = data.next_step_url, 800);\n    }\n  }\n\n  \/\/ \u2705 AUTO START BIJ PAGINALAAD\n  (async function startIntake() {\n    append(null, 'Answer the questions so that we can prepare your report.');\n    await sendMessage('__START__');\n  })();\n\n  sendBtn.addEventListener('click', async () => {\n    const text = inputEl.value.trim();\n    if (!text) return;\n    inputEl.value = '';\n    append('You', text);\n    await sendMessage(text);\n  });\n\n  inputEl.addEventListener('keydown', (e) => {\n    if (e.key === 'Enter') sendBtn.click();\n  });\n\n})();\n<\/script>\n\t\t\t\t<\/div>\n\t\t\t\t<\/div>\n\t\t\t\t<\/div>\n\t\t<div class=\"elementor-element elementor-element-ec1a3da e-con-full e-flex e-con e-child\" data-id=\"ec1a3da\" data-element_type=\"container\" data-e-type=\"container\">\n\t\t\t\t<div class=\"elementor-element elementor-element-60f54fa elementor-widget elementor-widget-heading\" data-id=\"60f54fa\" data-element_type=\"widget\" data-e-type=\"widget\" data-widget_type=\"heading.default\">\n\t\t\t\t<div class=\"elementor-widget-container\">\n\t\t\t\t\t<h2 class=\"elementor-heading-title elementor-size-default\">Un chiaro rapporto di convalida a soli \u20ac 39<\/h2>\t\t\t\t<\/div>\n\t\t\t\t<\/div>\n\t\t\t\t<div class=\"elementor-element elementor-element-435a4dd elementor-widget elementor-widget-text-editor\" data-id=\"435a4dd\" data-element_type=\"widget\" data-e-type=\"widget\" data-widget_type=\"text-editor.default\">\n\t\t\t\t<div class=\"elementor-widget-container\">\n\t\t\t\t\t\t\t\t\t<p>Le invieremo via e-mail un rapporto chiaro e standardizzato con:<\/p><ul><li>Tutte le caratteristiche rilevanti del prodotto, in base alle nostre domande;<\/li><li>I codici HS pi\u00f9 probabili per il suo Paese di destinazione e quali sono le sfumature;<\/li><li>I relativi dazi d&#8217;importazione, l&#8217;IVA e le accise applicabili;<\/li><li>La descrizione legale esatta del codice pi\u00f9 probabile e dove pu\u00f2 trovarla online;<\/li><li>Raccomandazioni su come formulare la descrizione del suo prodotto sulla fattura personalizzata.<\/li><\/ul><p><a href=\"https:\/\/exporteers.com\/wp-content\/uploads\/HS-Code-validation-report.pdf\" target=\"_blank\" rel=\"nofollow noopener sponsored\">Scarichi qui un esempio di rapporto<\/a>.<\/p>\t\t\t\t\t\t\t\t<\/div>\n\t\t\t\t<\/div>\n\t\t\t\t<\/div>\n\t\t\t\t\t<\/div>\n\t\t\t\t<\/div>\n\t\t<div class=\"elementor-element elementor-element-44a1f99 e-grid e-con-boxed e-con e-parent\" data-id=\"44a1f99\" data-element_type=\"container\" data-e-type=\"container\">\n\t\t\t\t\t<div class=\"e-con-inner\">\n\t\t<div class=\"elementor-element elementor-element-e7f5e8d e-con-full e-flex e-con e-child\" data-id=\"e7f5e8d\" data-element_type=\"container\" data-e-type=\"container\">\n\t\t\t\t<div class=\"elementor-element elementor-element-0199374 elementor-widget elementor-widget-heading\" data-id=\"0199374\" data-element_type=\"widget\" data-e-type=\"widget\" data-widget_type=\"heading.default\">\n\t\t\t\t<div class=\"elementor-widget-container\">\n\t\t\t\t\t<h2 class=\"elementor-heading-title elementor-size-default\">Perch\u00e9 acquistare questo rapporto?<\/h2>\t\t\t\t<\/div>\n\t\t\t\t<\/div>\n\t\t\t\t<div class=\"elementor-element elementor-element-f1499df elementor-widget elementor-widget-text-editor\" data-id=\"f1499df\" data-element_type=\"widget\" data-e-type=\"widget\" data-widget_type=\"text-editor.default\">\n\t\t\t\t<div class=\"elementor-widget-container\">\n\t\t\t\t\t\t\t\t\t<p>Con questo rapporto di convalida avr\u00e0 tutte le informazioni e gli argomenti giusti da utilizzare per la sua compagnia di navigazione e le autorit\u00e0 doganali. In questo modo eviter\u00e0: <\/p><ul><li>Miscellanea di classificazioni<\/li><li>Ritardi<\/li><li>Compiti pi\u00f9 elevati del previsto<\/li><\/ul><p>Gli errori dei codici HS possono essere costosi: si faccia furbo.<\/p>\t\t\t\t\t\t\t\t<\/div>\n\t\t\t\t<\/div>\n\t\t\t\t<\/div>\n\t\t<div class=\"elementor-element elementor-element-4ce12da e-con-full e-flex e-con e-child\" data-id=\"4ce12da\" data-element_type=\"container\" data-e-type=\"container\">\n\t\t\t\t<div class=\"elementor-element elementor-element-c905a1f elementor-widget elementor-widget-heading\" data-id=\"c905a1f\" data-element_type=\"widget\" data-e-type=\"widget\" data-widget_type=\"heading.default\">\n\t\t\t\t<div class=\"elementor-widget-container\">\n\t\t\t\t\t<h2 class=\"elementor-heading-title elementor-size-default\">Utilizziamo solo fonti ufficiali<\/h2>\t\t\t\t<\/div>\n\t\t\t\t<\/div>\n\t\t\t\t<div class=\"elementor-element elementor-element-c95a499 elementor-widget elementor-widget-text-editor\" data-id=\"c95a499\" data-element_type=\"widget\" data-e-type=\"widget\" data-widget_type=\"text-editor.default\">\n\t\t\t\t<div class=\"elementor-widget-container\">\n\t\t\t\t\t\t\t\t\t<p>Non ci limitiamo a strisciare su Internet. Utilizziamo fonti governative ufficiali e forniamo descrizioni legali esatte: <\/p><ul><li><a href=\"https:\/\/www.trademap.org\/\" target=\"_blank\" rel=\"noopener\">Trademap.org con i volumi per codice HS<\/a><\/li><li><a href=\"https:\/\/www.tariffnumber.com\/\" target=\"_blank\" rel=\"noopener\">Database europeo con codici HS<\/a><\/li><li><a href=\"https:\/\/ec.europa.eu\/taxation_customs\/dds2\/taric\/taric_consultation.jsp?Lang=en\" target=\"_blank\" rel=\"noopener\">Database TARIC dell&#8217;UE con le normative per prodotto<\/a><\/li><li><a href=\"https:\/\/hts.usitc.gov\/\" target=\"_blank\" rel=\"noopener\">Importazione del modulo del database dei codici HTS USA<\/a><\/li><li><a href=\"https:\/\/www.trade.gov\/customs-info-database-user-guide\" target=\"_blank\" rel=\"noopener\">Database delle tariffe per l&#8217;esportazione dagli Stati Uniti<\/a><\/li><li><a href=\"http:\/\/www.transcustoms.com\/\" target=\"_blank\" rel=\"noopener\">Il database dei codici HTS cinesi in inglese<\/a><\/li><li><a href=\"https:\/\/www.atlp.ae\/en\/harmonized-system-codes\" target=\"_blank\" rel=\"noopener\">Database dei codici HTS degli EAU<\/a><\/li><\/ul>\t\t\t\t\t\t\t\t<\/div>\n\t\t\t\t<\/div>\n\t\t\t\t<\/div>\n\t\t\t\t\t<\/div>\n\t\t\t\t<\/div>\n\t\t<div class=\"elementor-element elementor-element-94e754c e-flex e-con-boxed e-con e-parent\" data-id=\"94e754c\" data-element_type=\"container\" data-e-type=\"container\">\n\t\t\t\t\t<div class=\"e-con-inner\">\n\t\t\t\t<div class=\"elementor-element elementor-element-83d9ef7 elementor-widget elementor-widget-spacer\" data-id=\"83d9ef7\" data-element_type=\"widget\" data-e-type=\"widget\" data-widget_type=\"spacer.default\">\n\t\t\t\t<div class=\"elementor-widget-container\">\n\t\t\t\t\t\t\t<div class=\"elementor-spacer\">\n\t\t\t<div class=\"elementor-spacer-inner\"><\/div>\n\t\t<\/div>\n\t\t\t\t\t\t<\/div>\n\t\t\t\t<\/div>\n\t\t\t\t\t<\/div>\n\t\t\t\t<\/div>\n\t\t\t\t<\/div>\n\t\t","protected":false},"excerpt":{"rendered":"<p>Controllo del codice HS e rapporto di convalida delle tariffe Quasi ogni Paese o blocco commerciale del mondo ha un proprio dettaglio nell&#8217;elenco internazionale dei codici HS. Con il nostro rapporto riduce fortemente il rischio di classificazioni errate, ritardi e dazi doganali pi\u00f9 alti del previsto. Ci dica cosa vuole spedire e dove e noi [&hellip;]<\/p>\n","protected":false},"author":2,"featured_media":0,"parent":0,"menu_order":0,"comment_status":"closed","ping_status":"open","template":"","meta":{"footnotes":""},"class_list":["post-53989","page","type-page","status-publish","hentry"],"_links":{"self":[{"href":"https:\/\/exporteers.com\/it\/wp-json\/wp\/v2\/pages\/53989","targetHints":{"allow":["GET"]}}],"collection":[{"href":"https:\/\/exporteers.com\/it\/wp-json\/wp\/v2\/pages"}],"about":[{"href":"https:\/\/exporteers.com\/it\/wp-json\/wp\/v2\/types\/page"}],"author":[{"embeddable":true,"href":"https:\/\/exporteers.com\/it\/wp-json\/wp\/v2\/users\/2"}],"replies":[{"embeddable":true,"href":"https:\/\/exporteers.com\/it\/wp-json\/wp\/v2\/comments?post=53989"}],"version-history":[{"count":5,"href":"https:\/\/exporteers.com\/it\/wp-json\/wp\/v2\/pages\/53989\/revisions"}],"predecessor-version":[{"id":57416,"href":"https:\/\/exporteers.com\/it\/wp-json\/wp\/v2\/pages\/53989\/revisions\/57416"}],"wp:attachment":[{"href":"https:\/\/exporteers.com\/it\/wp-json\/wp\/v2\/media?parent=53989"}],"curies":[{"name":"wp","href":"https:\/\/api.w.org\/{rel}","templated":true}]}}