{"id":53999,"date":"2026-01-05T18:29:00","date_gmt":"2026-01-05T17:29:00","guid":{"rendered":"https:\/\/exporteers.com\/validacao-hs\/"},"modified":"2026-02-13T19:51:21","modified_gmt":"2026-02-13T18:51:21","slug":"validacao-hs","status":"publish","type":"page","link":"https:\/\/exporteers.com\/pt-pt\/validacao-hs\/","title":{"rendered":"Valida\u00e7\u00e3o HS"},"content":{"rendered":"\t\t<div data-elementor-type=\"wp-post\" data-elementor-id=\"53999\" class=\"elementor elementor-53999 elementor-53283\" data-elementor-post-type=\"page\">\n\t\t\t\t<div class=\"elementor-element elementor-element-51eecae e-grid e-con-boxed e-con e-parent\" data-id=\"51eecae\" data-element_type=\"container\" data-e-type=\"container\">\n\t\t\t\t\t<div class=\"e-con-inner\">\n\t\t<div class=\"elementor-element elementor-element-6bc2297 e-con-full e-flex e-con e-child\" data-id=\"6bc2297\" data-element_type=\"container\" data-e-type=\"container\">\n\t\t\t\t<div class=\"elementor-element elementor-element-454c043 hsvalidate elementor-widget elementor-widget-heading\" data-id=\"454c043\" data-element_type=\"widget\" data-e-type=\"widget\" data-widget_type=\"heading.default\">\n\t\t\t\t<div class=\"elementor-widget-container\">\n\t\t\t\t\t<h1 class=\"elementor-heading-title elementor-size-default\">Verifica\u00e7\u00e3o do c\u00f3digo SH e relat\u00f3rio de valida\u00e7\u00e3o de tarifas<\/h1>\t\t\t\t<\/div>\n\t\t\t\t<\/div>\n\t\t\t\t<div class=\"elementor-element elementor-element-ba2e429 me-intro elementor-widget elementor-widget-text-editor\" data-id=\"ba2e429\" data-element_type=\"widget\" data-e-type=\"widget\" data-widget_type=\"text-editor.default\">\n\t\t\t\t<div class=\"elementor-widget-container\">\n\t\t\t\t\t\t\t\t\t<p>Quase todos os pa\u00edses ou blocos comerciais do mundo t\u00eam o seu pr\u00f3prio pormenor na lista internacional de c\u00f3digos SH.  <\/p><p>Com o nosso relat\u00f3rio, reduz fortemente o risco de classifica\u00e7\u00f5es incorrectas, atrasos e direitos aduaneiros mais elevados do que o previsto.<\/p><p>Diga-nos o que pretende enviar e para onde e n\u00f3s fazemos-lhe todas as perguntas relevantes para obter o c\u00f3digo mais prov\u00e1vel para o seu pa\u00eds de destino.<\/p>\t\t\t\t\t\t\t\t<\/div>\n\t\t\t\t<\/div>\n\t\t\t\t<\/div>\n\t\t<div class=\"elementor-element elementor-element-3a6c310 e-con-full elementor-hidden-tablet elementor-hidden-mobile e-flex e-con e-child\" data-id=\"3a6c310\" data-element_type=\"container\" data-e-type=\"container\">\n\t\t\t\t<div class=\"elementor-element elementor-element-04d5486 elementor-widget elementor-widget-image\" data-id=\"04d5486\" data-element_type=\"widget\" data-e-type=\"widget\" data-widget_type=\"image.default\">\n\t\t\t\t<div class=\"elementor-widget-container\">\n\t\t\t\t\t\t\t\t\t\t\t\t\t\t\t<img fetchpriority=\"high\" decoding=\"async\" width=\"800\" height=\"400\" src=\"https:\/\/exporteers.com\/wp-content\/uploads\/Container-ship-Istanbul-1024x512.jpg\" class=\"attachment-large size-large wp-image-26861\" alt=\"Importador\" srcset=\"https:\/\/exporteers.com\/wp-content\/uploads\/Container-ship-Istanbul-1024x512.jpg 1024w, https:\/\/exporteers.com\/wp-content\/uploads\/Container-ship-Istanbul-300x150.jpg 300w, https:\/\/exporteers.com\/wp-content\/uploads\/Container-ship-Istanbul-768x384.jpg 768w, https:\/\/exporteers.com\/wp-content\/uploads\/Container-ship-Istanbul.jpg 1200w\" sizes=\"(max-width: 800px) 100vw, 800px\" \/>\t\t\t\t\t\t\t\t\t\t\t\t\t\t\t<\/div>\n\t\t\t\t<\/div>\n\t\t\t\t<\/div>\n\t\t\t\t\t<\/div>\n\t\t\t\t<\/div>\n\t\t<div class=\"elementor-element elementor-element-4a5ed30 e-grid e-con-boxed e-con e-parent\" data-id=\"4a5ed30\" data-element_type=\"container\" data-e-type=\"container\">\n\t\t\t\t\t<div class=\"e-con-inner\">\n\t\t<div class=\"elementor-element elementor-element-f410d04 e-con-full e-flex e-con e-child\" data-id=\"f410d04\" data-element_type=\"container\" data-e-type=\"container\">\n\t\t\t\t<div class=\"elementor-element elementor-element-2cc714e elementor-widget elementor-widget-html\" data-id=\"2cc714e\" data-element_type=\"widget\" data-e-type=\"widget\" data-widget_type=\"html.default\">\n\t\t\t\t<div class=\"elementor-widget-container\">\n\t\t\t\t\t<div id=\"hs-intake\">\n\n  <div id=\"hs-chat\" style=\"display:block; margin-top:0px; border:1px solid #bbb; padding:12px; border-radius:5px;\">\n    <div id=\"hs-log\" style=\"min-height:110px; max-height:300px; overflow:auto; border:none; padding:0;\"><\/div>\n\n    <div style=\"display:flex; gap:8px; margin-top:10px;\">\n      <input id=\"hs-input\" type=\"text\" placeholder=\"Escreva a sua resposta...\" style=\"flex:1; padding:10px; border: solid 2px #0a71b5\">\n      <button id=\"hs-send\" type=\"button\">Enviar<\/button>\n    <\/div>\n\n    <div id=\"hs-status\" style=\"margin-top:8px; font-size:12px; color:#666;\"><\/div>\n  <\/div>\n\n<\/div>\n<script>\n(function () {\n  const chatBox  = document.getElementById('hs-chat');\n  const logEl    = document.getElementById('hs-log');\n  const inputEl  = document.getElementById('hs-input');\n  const sendBtn  = document.getElementById('hs-send');\n  const statusEl = document.getElementById('hs-status');\n\n  \/\/ Session id per bezoeker\n  const sessionKey = 'hs_session_id';\n  let sessionId = localStorage.getItem(sessionKey);\n  if (!sessionId) {\n    sessionId = crypto.randomUUID();\n    localStorage.setItem(sessionKey, sessionId);\n  }\n\n  function append(role, text) {\n    const div = document.createElement('div');\n    div.style.margin = '8px 0';\n\n    if (role) {\n      div.innerHTML = `<strong>${role}:<\/strong> ${text}`;\n    } else {\n      div.textContent = text;\n    }\n\n    logEl.appendChild(div);\n    logEl.scrollTop = logEl.scrollHeight;\n  }\n\n  async function sendMessage(text) {\n    statusEl.textContent = 'Working\u2026';\n\n    const resp = await fetch('\/wp-json\/expt\/v1\/hs-chat', {\n      method: 'POST',\n      headers: {'Content-Type': 'application\/json'},\n      body: JSON.stringify({ session_id: sessionId, message: text })\n    });\n\n    if (!resp.ok) {\n      statusEl.textContent = 'Error calling server.';\n      return;\n    }\n\n    const data = await resp.json();\n    statusEl.textContent = '';\n\n    if (data.reply) append('Exporteers', data.reply);\n\n    if (data.next_step_url) {\n      append(null, 'Redirecting to payment\u2026');\n      setTimeout(() => window.location.href = data.next_step_url, 800);\n    }\n  }\n\n  \/\/ \u2705 AUTO START BIJ PAGINALAAD\n  (async function startIntake() {\n    append(null, 'Answer the questions so that we can prepare your report.');\n    await sendMessage('__START__');\n  })();\n\n  sendBtn.addEventListener('click', async () => {\n    const text = inputEl.value.trim();\n    if (!text) return;\n    inputEl.value = '';\n    append('You', text);\n    await sendMessage(text);\n  });\n\n  inputEl.addEventListener('keydown', (e) => {\n    if (e.key === 'Enter') sendBtn.click();\n  });\n\n})();\n<\/script>\n\t\t\t\t<\/div>\n\t\t\t\t<\/div>\n\t\t\t\t<\/div>\n\t\t<div class=\"elementor-element elementor-element-ec1a3da e-con-full e-flex e-con e-child\" data-id=\"ec1a3da\" data-element_type=\"container\" data-e-type=\"container\">\n\t\t\t\t<div class=\"elementor-element elementor-element-60f54fa elementor-widget elementor-widget-heading\" data-id=\"60f54fa\" data-element_type=\"widget\" data-e-type=\"widget\" data-widget_type=\"heading.default\">\n\t\t\t\t<div class=\"elementor-widget-container\">\n\t\t\t\t\t<h2 class=\"elementor-heading-title elementor-size-default\">Um relat\u00f3rio de valida\u00e7\u00e3o claro por apenas 39 euros<\/h2>\t\t\t\t<\/div>\n\t\t\t\t<\/div>\n\t\t\t\t<div class=\"elementor-element elementor-element-435a4dd elementor-widget elementor-widget-text-editor\" data-id=\"435a4dd\" data-element_type=\"widget\" data-e-type=\"widget\" data-widget_type=\"text-editor.default\">\n\t\t\t\t<div class=\"elementor-widget-container\">\n\t\t\t\t\t\t\t\t\t<p>Enviar-lhe-emos por e-mail um relat\u00f3rio claro e padronizado com:<\/p><ul><li>Todas as carater\u00edsticas relevantes do produto, com base nas nossas perguntas;<\/li><li>Os c\u00f3digos SH mais prov\u00e1veis para o seu pa\u00eds de destino e as respectivas nuances;<\/li><li>Os direitos de importa\u00e7\u00e3o, o IVA e os impostos especiais de consumo aplic\u00e1veis;<\/li><li>A descri\u00e7\u00e3o legal exacta do c\u00f3digo mais prov\u00e1vel e onde a pode encontrar online;<\/li><li>Recomenda\u00e7\u00f5es sobre como formular a descri\u00e7\u00e3o do seu produto na fatura do cliente.<\/li><\/ul><p><a href=\"https:\/\/exporteers.com\/wp-content\/uploads\/HS-Code-validation-report.pdf\" target=\"_blank\" rel=\"nofollow noopener sponsored\">Descarregue aqui um exemplo de relat\u00f3rio<\/a>.<\/p>\t\t\t\t\t\t\t\t<\/div>\n\t\t\t\t<\/div>\n\t\t\t\t<\/div>\n\t\t\t\t\t<\/div>\n\t\t\t\t<\/div>\n\t\t<div class=\"elementor-element elementor-element-44a1f99 e-grid e-con-boxed e-con e-parent\" data-id=\"44a1f99\" data-element_type=\"container\" data-e-type=\"container\">\n\t\t\t\t\t<div class=\"e-con-inner\">\n\t\t<div class=\"elementor-element elementor-element-e7f5e8d e-con-full e-flex e-con e-child\" data-id=\"e7f5e8d\" data-element_type=\"container\" data-e-type=\"container\">\n\t\t\t\t<div class=\"elementor-element elementor-element-0199374 elementor-widget elementor-widget-heading\" data-id=\"0199374\" data-element_type=\"widget\" data-e-type=\"widget\" data-widget_type=\"heading.default\">\n\t\t\t\t<div class=\"elementor-widget-container\">\n\t\t\t\t\t<h2 class=\"elementor-heading-title elementor-size-default\">Porqu\u00ea comprar este relat\u00f3rio?<\/h2>\t\t\t\t<\/div>\n\t\t\t\t<\/div>\n\t\t\t\t<div class=\"elementor-element elementor-element-f1499df elementor-widget elementor-widget-text-editor\" data-id=\"f1499df\" data-element_type=\"widget\" data-e-type=\"widget\" data-widget_type=\"text-editor.default\">\n\t\t\t\t<div class=\"elementor-widget-container\">\n\t\t\t\t\t\t\t\t\t<p>Com este relat\u00f3rio de valida\u00e7\u00e3o, tem todas as informa\u00e7\u00f5es e argumentos corretos para utilizar junto da sua empresa de transporte e das autoridades aduaneiras. Desta forma, evita: <\/p><ul><li>Classifica\u00e7\u00f5es incorrectas<\/li><li>Atrasos<\/li><li>Direitos mais elevados do que o previsto<\/li><\/ul><p>Os erros nos c\u00f3digos SH podem ser dispendiosos &#8211; seja inteligente.<\/p>\t\t\t\t\t\t\t\t<\/div>\n\t\t\t\t<\/div>\n\t\t\t\t<\/div>\n\t\t<div class=\"elementor-element elementor-element-4ce12da e-con-full e-flex e-con e-child\" data-id=\"4ce12da\" data-element_type=\"container\" data-e-type=\"container\">\n\t\t\t\t<div class=\"elementor-element elementor-element-c905a1f elementor-widget elementor-widget-heading\" data-id=\"c905a1f\" data-element_type=\"widget\" data-e-type=\"widget\" data-widget_type=\"heading.default\">\n\t\t\t\t<div class=\"elementor-widget-container\">\n\t\t\t\t\t<h2 class=\"elementor-heading-title elementor-size-default\">Utilizamos apenas fontes oficiais<\/h2>\t\t\t\t<\/div>\n\t\t\t\t<\/div>\n\t\t\t\t<div class=\"elementor-element elementor-element-c95a499 elementor-widget elementor-widget-text-editor\" data-id=\"c95a499\" data-element_type=\"widget\" data-e-type=\"widget\" data-widget_type=\"text-editor.default\">\n\t\t\t\t<div class=\"elementor-widget-container\">\n\t\t\t\t\t\t\t\t\t<p>N\u00e3o nos limitamos a pesquisar na Internet. Utilizamos fontes oficiais do governo e fornecemos descri\u00e7\u00f5es legais exactas: <\/p><ul><li><a href=\"https:\/\/www.trademap.org\/\" target=\"_blank\" rel=\"noopener\">Trademap.org com volumes por c\u00f3digo SH<\/a><\/li><li><a href=\"https:\/\/www.tariffnumber.com\/\" target=\"_blank\" rel=\"noopener\">Base de dados europeia com c\u00f3digos SH<\/a><\/li><li><a href=\"https:\/\/ec.europa.eu\/taxation_customs\/dds2\/taric\/taric_consultation.jsp?Lang=en\" target=\"_blank\" rel=\"noopener\">Base de dados TARIC da UE com regulamentos por produto<\/a><\/li><li><a href=\"https:\/\/hts.usitc.gov\/\" target=\"_blank\" rel=\"noopener\">Importa\u00e7\u00e3o de formul\u00e1rios da base de dados de c\u00f3digos HTS dos EUA<\/a><\/li><li><a href=\"https:\/\/www.trade.gov\/customs-info-database-user-guide\" target=\"_blank\" rel=\"noopener\">Base de dados de direitos aduaneiros para exporta\u00e7\u00e3o a partir dos EUA<\/a><\/li><li><a href=\"http:\/\/www.transcustoms.com\/\" target=\"_blank\" rel=\"noopener\">A base de dados chinesa dos c\u00f3digos HTS em ingl\u00eas<\/a><\/li><li><a href=\"https:\/\/www.atlp.ae\/en\/harmonized-system-codes\" target=\"_blank\" rel=\"noopener\">Base de dados dos c\u00f3digos HTS dos EAU<\/a><\/li><\/ul>\t\t\t\t\t\t\t\t<\/div>\n\t\t\t\t<\/div>\n\t\t\t\t<\/div>\n\t\t\t\t\t<\/div>\n\t\t\t\t<\/div>\n\t\t<div class=\"elementor-element elementor-element-94e754c e-flex e-con-boxed e-con e-parent\" data-id=\"94e754c\" data-element_type=\"container\" data-e-type=\"container\">\n\t\t\t\t\t<div class=\"e-con-inner\">\n\t\t\t\t<div class=\"elementor-element elementor-element-83d9ef7 elementor-widget elementor-widget-spacer\" data-id=\"83d9ef7\" data-element_type=\"widget\" data-e-type=\"widget\" data-widget_type=\"spacer.default\">\n\t\t\t\t<div class=\"elementor-widget-container\">\n\t\t\t\t\t\t\t<div class=\"elementor-spacer\">\n\t\t\t<div class=\"elementor-spacer-inner\"><\/div>\n\t\t<\/div>\n\t\t\t\t\t\t<\/div>\n\t\t\t\t<\/div>\n\t\t\t\t\t<\/div>\n\t\t\t\t<\/div>\n\t\t\t\t<\/div>\n\t\t","protected":false},"excerpt":{"rendered":"<p>Verifica\u00e7\u00e3o do c\u00f3digo SH e relat\u00f3rio de valida\u00e7\u00e3o de tarifas Quase todos os pa\u00edses ou blocos comerciais do mundo t\u00eam o seu pr\u00f3prio pormenor na lista internacional de c\u00f3digos SH. Com o nosso relat\u00f3rio, reduz fortemente o risco de classifica\u00e7\u00f5es incorrectas, atrasos e direitos aduaneiros mais elevados do que o previsto. Diga-nos o que pretende [&hellip;]<\/p>\n","protected":false},"author":2,"featured_media":0,"parent":0,"menu_order":0,"comment_status":"closed","ping_status":"open","template":"","meta":{"footnotes":""},"class_list":["post-53999","page","type-page","status-publish","hentry"],"_links":{"self":[{"href":"https:\/\/exporteers.com\/pt-pt\/wp-json\/wp\/v2\/pages\/53999","targetHints":{"allow":["GET"]}}],"collection":[{"href":"https:\/\/exporteers.com\/pt-pt\/wp-json\/wp\/v2\/pages"}],"about":[{"href":"https:\/\/exporteers.com\/pt-pt\/wp-json\/wp\/v2\/types\/page"}],"author":[{"embeddable":true,"href":"https:\/\/exporteers.com\/pt-pt\/wp-json\/wp\/v2\/users\/2"}],"replies":[{"embeddable":true,"href":"https:\/\/exporteers.com\/pt-pt\/wp-json\/wp\/v2\/comments?post=53999"}],"version-history":[{"count":5,"href":"https:\/\/exporteers.com\/pt-pt\/wp-json\/wp\/v2\/pages\/53999\/revisions"}],"predecessor-version":[{"id":57420,"href":"https:\/\/exporteers.com\/pt-pt\/wp-json\/wp\/v2\/pages\/53999\/revisions\/57420"}],"wp:attachment":[{"href":"https:\/\/exporteers.com\/pt-pt\/wp-json\/wp\/v2\/media?parent=53999"}],"curies":[{"name":"wp","href":"https:\/\/api.w.org\/{rel}","templated":true}]}}