{"id":54948,"date":"2026-02-06T15:14:17","date_gmt":"2026-02-06T14:14:17","guid":{"rendered":"https:\/\/wy9ew7dhzo-staging.onrocket.site\/distributor-hazirlik-kontrolu\/"},"modified":"2026-03-05T11:24:01","modified_gmt":"2026-03-05T10:24:01","slug":"distributor-readiness-check","status":"publish","type":"page","link":"https:\/\/exporteers.com\/tr\/distributor-readiness-check\/","title":{"rendered":"Analizi ba\u015flat\u0131n"},"content":{"rendered":"\t\t<div data-elementor-type=\"wp-post\" data-elementor-id=\"54948\" class=\"elementor elementor-54948 elementor-54662\" data-elementor-post-type=\"page\">\n\t\t\t\t<div class=\"elementor-element elementor-element-51eecae e-grid e-con-boxed e-con e-parent\" data-id=\"51eecae\" data-element_type=\"container\" data-e-type=\"container\">\n\t\t\t\t\t<div class=\"e-con-inner\">\n\t\t<div class=\"elementor-element elementor-element-6bc2297 e-con-full e-flex e-con e-child\" data-id=\"6bc2297\" data-element_type=\"container\" data-e-type=\"container\">\n\t\t\t\t<div class=\"elementor-element elementor-element-454c043 dr-page elementor-widget elementor-widget-heading\" data-id=\"454c043\" data-element_type=\"widget\" data-e-type=\"widget\" data-widget_type=\"heading.default\">\n\t\t\t\t<div class=\"elementor-widget-container\">\n\t\t\t\t\t<h1 class=\"elementor-heading-title elementor-size-default\">Yabanc\u0131 distrib\u00fct\u00f6rleri ikna etmeye haz\u0131r m\u0131s\u0131n\u0131z?<\/h1>\t\t\t\t<\/div>\n\t\t\t\t<\/div>\n\t\t\t\t<div class=\"elementor-element elementor-element-ba2e429 me-intro elementor-widget elementor-widget-text-editor\" data-id=\"ba2e429\" data-element_type=\"widget\" data-e-type=\"widget\" data-widget_type=\"text-editor.default\">\n\t\t\t\t<div class=\"elementor-widget-container\">\n\t\t\t\t\t\t\t\t\t<p>\u0130\u015f yapmak istedi\u011finiz \u00e7o\u011fu da\u011f\u0131t\u0131m orta\u011f\u0131 zaten rakip \u00fcr\u00fcnler satmaktad\u0131r. Teklifinizin onlara daha y\u00fcksek k\u00e2r getirece\u011fini g\u00f6stermelisiniz.  <\/p><p>Ev \u00f6devinizi yapt\u0131n\u0131z m\u0131? Yerel rekabeti, hangi marjlar\u0131n gerekli oldu\u011funu ve yerel orta\u011f\u0131n\u0131zdan ne bekledi\u011finizi biliyor musunuz? <\/p><h2>Kontrol\u00fc yap\u0131n ve ne kadar haz\u0131r oldu\u011funuzu g\u00f6r\u00fcn<\/h2>\t\t\t\t\t\t\t\t<\/div>\n\t\t\t\t<\/div>\n\t\t\t\t<\/div>\n\t\t<div class=\"elementor-element elementor-element-3a6c310 e-con-full elementor-hidden-tablet elementor-hidden-mobile e-flex e-con e-child\" data-id=\"3a6c310\" data-element_type=\"container\" data-e-type=\"container\">\n\t\t\t\t<div class=\"elementor-element elementor-element-04d5486 elementor-widget elementor-widget-image\" data-id=\"04d5486\" data-element_type=\"widget\" data-e-type=\"widget\" data-widget_type=\"image.default\">\n\t\t\t\t<div class=\"elementor-widget-container\">\n\t\t\t\t\t\t\t\t\t\t\t\t\t\t\t<img fetchpriority=\"high\" decoding=\"async\" width=\"800\" height=\"399\" src=\"https:\/\/exporteers.com\/wp-content\/uploads\/Distributor-warehouse-1024x511.jpg\" class=\"attachment-large size-large wp-image-14065\" alt=\"Distrib\u00fct\u00f6r\" srcset=\"https:\/\/exporteers.com\/wp-content\/uploads\/Distributor-warehouse-1024x511.jpg 1024w, https:\/\/exporteers.com\/wp-content\/uploads\/Distributor-warehouse-300x150.jpg 300w, https:\/\/exporteers.com\/wp-content\/uploads\/Distributor-warehouse-768x383.jpg 768w, https:\/\/exporteers.com\/wp-content\/uploads\/Distributor-warehouse.jpg 1200w\" sizes=\"(max-width: 800px) 100vw, 800px\" \/>\t\t\t\t\t\t\t\t\t\t\t\t\t\t\t<\/div>\n\t\t\t\t<\/div>\n\t\t\t\t<\/div>\n\t\t\t\t\t<\/div>\n\t\t\t\t<\/div>\n\t\t<div class=\"elementor-element elementor-element-9609463 e-flex e-con-boxed e-con e-parent\" data-id=\"9609463\" data-element_type=\"container\" data-e-type=\"container\">\n\t\t\t\t\t<div class=\"e-con-inner\">\n\t\t<div class=\"elementor-element elementor-element-f12d873 e-con-full e-flex e-con e-child\" data-id=\"f12d873\" data-element_type=\"container\" data-e-type=\"container\">\n\t\t\t\t<div class=\"elementor-element elementor-element-ef8808f elementor-widget elementor-widget-html\" data-id=\"ef8808f\" data-element_type=\"widget\" data-e-type=\"widget\" data-widget_type=\"html.default\">\n\t\t\t\t<div class=\"elementor-widget-container\">\n\t\t\t\t\t  <div class=\"expt-chat\" id=\"expt-me\" data-country=\"\">\n    <div class=\"expt-chat__log\" id=\"expt-me-log\" aria-live=\"polite\"><\/div>\n    <div class=\"expt-chat__thinking\" id=\"expt-me-thinking\" style=\"display:none;\">Exporteers is thinking\u2026<\/div>\n    <div class=\"expt-chat__bar\">\n      <input class=\"expt-chat__input\" id=\"expt-me-input\" type=\"text\" placeholder=\"Type your answer\u2026\" autocomplete=\"off\" \/>\n      <button class=\"expt-chat__send\" id=\"expt-me-send\" type=\"button\">Send<\/button>\n    <\/div>\n  <\/div>\n  \t\t\t\t<\/div>\n\t\t\t\t<\/div>\n\t\t\t\t<\/div>\n\t\t\t\t\t<\/div>\n\t\t\t\t<\/div>\n\t\t<div class=\"elementor-element elementor-element-6f4ae9e e-flex e-con-boxed e-con e-parent\" data-id=\"6f4ae9e\" data-element_type=\"container\" data-e-type=\"container\" id=\"fees\">\n\t\t\t\t\t<div class=\"e-con-inner\">\n\t\t<div class=\"elementor-element elementor-element-dd19e71 e-con-full e-flex e-con e-child\" data-id=\"dd19e71\" data-element_type=\"container\" data-e-type=\"container\">\n\t\t\t\t<div class=\"elementor-element elementor-element-739b91f elementor-widget elementor-widget-heading\" data-id=\"739b91f\" data-element_type=\"widget\" data-e-type=\"widget\" data-widget_type=\"heading.default\">\n\t\t\t\t<div class=\"elementor-widget-container\">\n\t\t\t\t\t<h2 class=\"elementor-heading-title elementor-size-default\">Red mi al\u0131yorsunuz? \u015eirketlerin ba\u015far\u0131l\u0131 olmas\u0131na bu \u015fekilde yard\u0131mc\u0131 oluyoruz. <\/h2>\t\t\t\t<\/div>\n\t\t\t\t<\/div>\n\t\t\t\t<div class=\"elementor-element elementor-element-b8ba056 elementor-widget elementor-widget-text-editor\" data-id=\"b8ba056\" data-element_type=\"widget\" data-e-type=\"widget\" data-widget_type=\"text-editor.default\">\n\t\t\t\t<div class=\"elementor-widget-container\">\n\t\t\t\t\t\t\t\t\t<p>Yeni bir pazar\u0131 ne kadar iyi tan\u0131rsan\u0131z ve kendi konumland\u0131rman\u0131z hakk\u0131nda ne kadar \u00e7ok d\u00fc\u015f\u00fcn\u00fcrseniz, bir distrib\u00fct\u00f6r\u00fc sizinle \u00e7al\u0131\u015fmaya ikna etmek o kadar kolay olacakt\u0131r. Ancak bunun i\u00e7in haz\u0131rl\u0131k gerekir.  Fiyatlar da dahil olmak \u00fczere ad\u0131m ad\u0131m yakla\u015f\u0131m\u0131m\u0131z\u0131 a\u015fa\u011f\u0131da g\u00f6rebilirsiniz.  <\/p>\t\t\t\t\t\t\t\t<\/div>\n\t\t\t\t<\/div>\n\t\t\t\t<\/div>\n\t\t\t\t\t<\/div>\n\t\t\t\t<\/div>\n\t\t<div class=\"elementor-element elementor-element-1fa412b e-flex e-con-boxed e-con e-parent\" data-id=\"1fa412b\" data-element_type=\"container\" data-e-type=\"container\">\n\t\t\t\t\t<div class=\"e-con-inner\">\n\t\t<div class=\"elementor-element elementor-element-8dad1f0 e-grid e-con-full e-con e-child\" data-id=\"8dad1f0\" data-element_type=\"container\" data-e-type=\"container\">\n\t\t\t\t<div class=\"elementor-element elementor-element-6b9fda3 elementor-widget elementor-widget-text-editor\" data-id=\"6b9fda3\" data-element_type=\"widget\" data-e-type=\"widget\" data-widget_type=\"text-editor.default\">\n\t\t\t\t<div class=\"elementor-widget-container\">\n\t\t\t\t\t\t\t\t\t<h3>Bo\u015fluk analizi<\/h3>\t\t\t\t\t\t\t\t<\/div>\n\t\t\t\t<\/div>\n\t\t<div class=\"elementor-element elementor-element-4dfedf1 e-con-full e-flex e-con e-child\" data-id=\"4dfedf1\" data-element_type=\"container\" data-e-type=\"container\" data-settings=\"{&quot;background_background&quot;:&quot;classic&quot;}\">\n\t\t\t\t<div class=\"elementor-element elementor-element-3bfa367 elementor-widget elementor-widget-text-editor\" data-id=\"3bfa367\" data-element_type=\"widget\" data-e-type=\"widget\" data-widget_type=\"text-editor.default\">\n\t\t\t\t<div class=\"elementor-widget-container\">\n\t\t\t\t\t\t\t\t\t<ul><li>Do\u011fru \u00fclkeyi mi hedefliyorsunuz?<\/li><li>De\u011fer \u00f6nerinizin g\u00f6zden ge\u00e7irilmesi<\/li><li>Bir distrib\u00fct\u00f6r\u00fcn ne gibi sorular\u0131 olabilir?<\/li><li>Bu sorular\u0131 yan\u0131tlamak i\u00e7in neye ihtiyac\u0131n\u0131z var?<\/li><\/ul>\t\t\t\t\t\t\t\t<\/div>\n\t\t\t\t<\/div>\n\t\t\t\t<\/div>\n\t\t<div class=\"elementor-element elementor-element-1737893 e-con-full e-flex e-con e-child\" data-id=\"1737893\" data-element_type=\"container\" data-e-type=\"container\">\n\t\t\t\t<div class=\"elementor-element elementor-element-f986821 elementor-widget elementor-widget-text-editor\" data-id=\"f986821\" data-element_type=\"widget\" data-e-type=\"widget\" data-widget_type=\"text-editor.default\">\n\t\t\t\t<div class=\"elementor-widget-container\">\n\t\t\t\t\t\t\t\t\t<p>90 dakikal\u0131k dan\u0131\u015fmanl\u0131k i\u00e7in 150 \u20ac<\/p>\t\t\t\t\t\t\t\t<\/div>\n\t\t\t\t<\/div>\n\t\t\t\t<div class=\"elementor-element elementor-element-5b1c4b2 elementor-align-justify elementor-widget elementor-widget-button\" data-id=\"5b1c4b2\" data-element_type=\"widget\" data-e-type=\"widget\" data-widget_type=\"button.default\">\n\t\t\t\t<div class=\"elementor-widget-container\">\n\t\t\t\t\t\t\t\t\t<div class=\"elementor-button-wrapper\">\n\t\t\t\t\t<a class=\"elementor-button elementor-button-link elementor-size-sm\" href=\"https:\/\/exporteers.com\/tr\/konsultasyon-icin-rezervasyon-yaptirin\/\">\n\t\t\t\t\t\t<span class=\"elementor-button-content-wrapper\">\n\t\t\t\t\t\t\t\t\t<span class=\"elementor-button-text\">Buradan rezervasyon yapt\u0131r\u0131n<\/span>\n\t\t\t\t\t<\/span>\n\t\t\t\t\t<\/a>\n\t\t\t\t<\/div>\n\t\t\t\t\t\t\t\t<\/div>\n\t\t\t\t<\/div>\n\t\t\t\t<\/div>\n\t\t\t\t<div class=\"elementor-element elementor-element-eee7b54 elementor-widget elementor-widget-text-editor\" data-id=\"eee7b54\" data-element_type=\"widget\" data-e-type=\"widget\" data-widget_type=\"text-editor.default\">\n\t\t\t\t<div class=\"elementor-widget-container\">\n\t\t\t\t\t\t\t\t\t<h3>Pazar bilgileri<\/h3>\t\t\t\t\t\t\t\t<\/div>\n\t\t\t\t<\/div>\n\t\t<div class=\"elementor-element elementor-element-21a6734 e-con-full e-flex e-con e-child\" data-id=\"21a6734\" data-element_type=\"container\" data-e-type=\"container\" data-settings=\"{&quot;background_background&quot;:&quot;classic&quot;}\">\n\t\t\t\t<div class=\"elementor-element elementor-element-911a9ab elementor-widget elementor-widget-text-editor\" data-id=\"911a9ab\" data-element_type=\"widget\" data-e-type=\"widget\" data-widget_type=\"text-editor.default\">\n\t\t\t\t<div class=\"elementor-widget-container\">\n\t\t\t\t\t\t\t\t\t<ul><li>Bir \u00fclkedeki trendler ve talep hakk\u0131nda yeni i\u00e7g\u00f6r\u00fcler<\/li><li>Rakip incelemesi<\/li><li>Olas\u0131 da\u011f\u0131t\u0131m stratejileri<\/li><li>Birlikte \u00e7al\u0131\u015f\u0131labilecek potansiyel ortaklara ve kar\u015f\u0131la\u015ft\u0131klar\u0131 zorluklara \u00f6rnekler<\/li><\/ul>\t\t\t\t\t\t\t\t<\/div>\n\t\t\t\t<\/div>\n\t\t\t\t<\/div>\n\t\t\t\t<div class=\"elementor-element elementor-element-dbcb53e elementor-widget elementor-widget-text-editor\" data-id=\"dbcb53e\" data-element_type=\"widget\" data-e-type=\"widget\" data-widget_type=\"text-editor.default\">\n\t\t\t\t<div class=\"elementor-widget-container\">\n\t\t\t\t\t\t\t\t\t<p>Hedef \u00fclkenize ba\u011fl\u0131 olarak 3.000 \u20ac ila 6.000 \u20ac<\/p><p>yakla\u015f\u0131k 3 hafta s\u00fcrer<\/p>\t\t\t\t\t\t\t\t<\/div>\n\t\t\t\t<\/div>\n\t\t\t\t<div class=\"elementor-element elementor-element-0ad3854 elementor-widget elementor-widget-text-editor\" data-id=\"0ad3854\" data-element_type=\"widget\" data-e-type=\"widget\" data-widget_type=\"text-editor.default\">\n\t\t\t\t<div class=\"elementor-widget-container\">\n\t\t\t\t\t\t\t\t\t<h3>Finansal yap\u0131<\/h3>\t\t\t\t\t\t\t\t<\/div>\n\t\t\t\t<\/div>\n\t\t<div class=\"elementor-element elementor-element-0986921 e-con-full e-flex e-con e-child\" data-id=\"0986921\" data-element_type=\"container\" data-e-type=\"container\" data-settings=\"{&quot;background_background&quot;:&quot;classic&quot;}\">\n\t\t\t\t<div class=\"elementor-element elementor-element-e02f574 elementor-widget elementor-widget-text-editor\" data-id=\"e02f574\" data-element_type=\"widget\" data-e-type=\"widget\" data-widget_type=\"text-editor.default\">\n\t\t\t\t<div class=\"elementor-widget-container\">\n\t\t\t\t\t\t\t\t\t<ul><li>Ciro b\u00fcy\u00fcme tahminleri<\/li><li>Pazara giri\u015f ve pazarlama maliyetleri tahmini<\/li><li>Yat\u0131r\u0131mlar ve i\u015fletme sermayesi ihtiya\u00e7lar\u0131<\/li><li>Distrib\u00fct\u00f6r marjlar\u0131 ve m\u00fczakere odan\u0131z<\/li><\/ul>\t\t\t\t\t\t\t\t<\/div>\n\t\t\t\t<\/div>\n\t\t\t\t<\/div>\n\t\t\t\t<div class=\"elementor-element elementor-element-7319a50 elementor-widget elementor-widget-text-editor\" data-id=\"7319a50\" data-element_type=\"widget\" data-e-type=\"widget\" data-widget_type=\"text-editor.default\">\n\t\t\t\t<div class=\"elementor-widget-container\">\n\t\t\t\t\t\t\t\t\t<p>T\u00fcm mali yap\u0131n\u0131n kurulmas\u0131 i\u00e7in 3.000 \u20ac<\/p><p>yakla\u015f\u0131k 2 hafta s\u00fcrer<\/p>\t\t\t\t\t\t\t\t<\/div>\n\t\t\t\t<\/div>\n\t\t\t\t<div class=\"elementor-element elementor-element-9dfa56b elementor-widget elementor-widget-text-editor\" data-id=\"9dfa56b\" data-element_type=\"widget\" data-e-type=\"widget\" data-widget_type=\"text-editor.default\">\n\t\t\t\t<div class=\"elementor-widget-container\">\n\t\t\t\t\t\t\t\t\t<h3>Distrib\u00fct\u00f6r Sunumu<\/h3>\t\t\t\t\t\t\t\t<\/div>\n\t\t\t\t<\/div>\n\t\t<div class=\"elementor-element elementor-element-fef5f0d e-con-full e-flex e-con e-child\" data-id=\"fef5f0d\" data-element_type=\"container\" data-e-type=\"container\" data-settings=\"{&quot;background_background&quot;:&quot;classic&quot;}\">\n\t\t\t\t<div class=\"elementor-element elementor-element-3218414 elementor-widget elementor-widget-text-editor\" data-id=\"3218414\" data-element_type=\"widget\" data-e-type=\"widget\" data-widget_type=\"text-editor.default\">\n\t\t\t\t<div class=\"elementor-widget-container\">\n\t\t\t\t\t\t\t\t\t<ul>\n<li>Distrib\u00fct\u00f6rlerin sorunlu noktalar\u0131 ve f\u0131rsatlar\u0131<\/li>\n<li>Benzersiz sat\u0131\u015f noktalar\u0131n\u0131z<\/li>\n<li>Ad\u0131m ad\u0131m pazara giri\u015f ve ihracat plan\u0131<\/li>\n<li>Profesyonel grafiklerde t\u00fcm finansal bilgiler<\/li>\n<li>\u00d6nerilen sonraki ad\u0131mlar<\/li>\n<\/ul>\t\t\t\t\t\t\t\t<\/div>\n\t\t\t\t<\/div>\n\t\t\t\t<\/div>\n\t\t\t\t<div class=\"elementor-element elementor-element-b66df08 elementor-widget elementor-widget-text-editor\" data-id=\"b66df08\" data-element_type=\"widget\" data-e-type=\"widget\" data-widget_type=\"text-editor.default\">\n\t\t\t\t<div class=\"elementor-widget-container\">\n\t\t\t\t\t\t\t\t\t<p>\u00d6zelle\u015ftirilmi\u015f bir distrib\u00fct\u00f6r sunumu i\u00e7in 3.000 \u20ac<\/p><p>yakla\u015f\u0131k 2 hafta s\u00fcrer<\/p>\t\t\t\t\t\t\t\t<\/div>\n\t\t\t\t<\/div>\n\t\t\t\t<\/div>\n\t\t\t\t\t<\/div>\n\t\t\t\t<\/div>\n\t\t<div class=\"elementor-element elementor-element-228c149 e-flex e-con-boxed e-con e-parent\" data-id=\"228c149\" data-element_type=\"container\" data-e-type=\"container\">\n\t\t\t\t\t<div class=\"e-con-inner\">\n\t\t<div class=\"elementor-element elementor-element-57fe21a e-con-full e-flex e-con e-child\" data-id=\"57fe21a\" data-element_type=\"container\" data-e-type=\"container\">\n\t\t\t\t<div class=\"elementor-element elementor-element-db16ce2 elementor-widget elementor-widget-text-editor\" data-id=\"db16ce2\" data-element_type=\"widget\" data-e-type=\"widget\" data-widget_type=\"text-editor.default\">\n\t\t\t\t<div class=\"elementor-widget-container\">\n\t\t\t\t\t\t\t\t\t<p>Bundan sonra, se\u00e7ti\u011finiz distrib\u00fct\u00f6rlere ba\u015far\u0131l\u0131 bir \u015fekilde yakla\u015fmaya haz\u0131r olacaks\u0131n\u0131z ve dil veya k\u00fclt\u00fcr bir sorunsa, yerel dan\u0131\u015fmanlar\u0131m\u0131z size yard\u0131mc\u0131 olabilir.<\/p>\t\t\t\t\t\t\t\t<\/div>\n\t\t\t\t<\/div>\n\t\t<div class=\"elementor-element elementor-element-7a3c7db e-grid e-con-full e-con e-child\" data-id=\"7a3c7db\" data-element_type=\"container\" data-e-type=\"container\">\n\t\t<div class=\"elementor-element elementor-element-bbf048c e-con-full e-flex e-con e-child\" data-id=\"bbf048c\" data-element_type=\"container\" data-e-type=\"container\">\n\t\t\t\t<div class=\"elementor-element elementor-element-67424a3 elementor-widget elementor-widget-heading\" data-id=\"67424a3\" data-element_type=\"widget\" data-e-type=\"widget\" data-widget_type=\"heading.default\">\n\t\t\t\t<div class=\"elementor-widget-container\">\n\t\t\t\t\t<h2 class=\"elementor-heading-title elementor-size-default\">Bir distrib\u00fct\u00f6r sunumu \u00f6rne\u011fi<\/h2>\t\t\t\t<\/div>\n\t\t\t\t<\/div>\n\t\t\t\t<div class=\"elementor-element elementor-element-25a03c8 elementor-widget elementor-widget-text-editor\" data-id=\"25a03c8\" data-element_type=\"widget\" data-e-type=\"widget\" data-widget_type=\"text-editor.default\">\n\t\t\t\t<div class=\"elementor-widget-container\">\n\t\t\t\t\t\t\t\t\t<p>Almanya&#8217;ya a\u00e7\u0131lmak isteyen bir \u0130ngiliz \u00e7ay markas\u0131 i\u00e7in haz\u0131rlad\u0131\u011f\u0131m\u0131z distrib\u00fct\u00f6r sunumuna l\u00fctfen bir g\u00f6z at\u0131n. Slayt 6&#8217;da \u00fcr\u00fcn\u00fcn raflarda nerede olmas\u0131 gerekti\u011fini ve hangi \u00fcr\u00fcnlerin de\u011fi\u015ftirilmesi gerekti\u011fini bile belirtiyoruz. <\/p><p>Elbette her \u00fcr\u00fcn farkl\u0131d\u0131r, bu nedenle b\u00f6yle bir sunumu markan\u0131za ve \u00f6zel sekt\u00f6r\u00fcn\u00fczdeki distrib\u00fct\u00f6rlerin ihtiya\u00e7lar\u0131na g\u00f6re uyarl\u0131yoruz.<\/p>\t\t\t\t\t\t\t\t<\/div>\n\t\t\t\t<\/div>\n\t\t\t\t<div class=\"elementor-element elementor-element-f8eb7cc elementor-widget elementor-widget-html\" data-id=\"f8eb7cc\" data-element_type=\"widget\" data-e-type=\"widget\" data-widget_type=\"html.default\">\n\t\t\t\t<div class=\"elementor-widget-container\">\n\t\t\t\t\t<a href=\"https:\/\/exporteers.com\/wp-content\/uploads\/Exporteers-Distributor-presentation-Blooming-Tea.pdf\" class=\"pdfemb-viewer\" style=\"\" data-width=\"max\" data-height=\"max\" data-toolbar=\"bottom\" data-toolbar-fixed=\"off\">Exporteers-Distributor-presentation-Blooming-Tea<\/a>\t\t\t\t<\/div>\n\t\t\t\t<\/div>\n\t\t\t\t<\/div>\n\t\t<div class=\"elementor-element elementor-element-0bad8b6 e-con-full e-flex e-con e-child\" data-id=\"0bad8b6\" data-element_type=\"container\" data-e-type=\"container\">\n\t\t\t\t<div class=\"elementor-element elementor-element-6f38c4c elementor-widget elementor-widget-heading\" data-id=\"6f38c4c\" data-element_type=\"widget\" data-e-type=\"widget\" data-widget_type=\"heading.default\">\n\t\t\t\t<div class=\"elementor-widget-container\">\n\t\t\t\t\t<h2 class=\"elementor-heading-title elementor-size-default\">30'dan fazla \u00fclkede pazar ara\u015ft\u0131rmas\u0131 yap\u0131yoruz<\/h2>\t\t\t\t<\/div>\n\t\t\t\t<\/div>\n\t\t<div class=\"elementor-element elementor-element-852b0a3 e-grid e-con-full e-con e-child\" data-id=\"852b0a3\" data-element_type=\"container\" data-e-type=\"container\">\n\t\t\t\t<div class=\"elementor-element elementor-element-ba8d60c elementor-widget elementor-widget-text-editor\" data-id=\"ba8d60c\" data-element_type=\"widget\" data-e-type=\"widget\" data-widget_type=\"text-editor.default\">\n\t\t\t\t<div class=\"elementor-widget-container\">\n\t\t\t\t\t\t\t\t\t<p><strong>Amerika&#8217;n\u0131n<\/strong><\/p><ul><li>Kanada<\/li><li>Birle\u015fik Devletler<\/li><li>Meksika<\/li><li>Panama<\/li><li>Brezilya<\/li><\/ul><p><strong>Orta Do\u011fu ve Afrika<\/strong><\/p><ul><li>T\u00fcrkiye<\/li><li>M\u0131s\u0131r<\/li><li>Birle\u015fik Arap Emirlikleri<\/li><li>Umman<\/li><li>Fas<\/li><li>Tunus<\/li><li>Gana<\/li><li>G\u00fcney Afrika<\/li><\/ul>\t\t\t\t\t\t\t\t<\/div>\n\t\t\t\t<\/div>\n\t\t\t\t<div class=\"elementor-element elementor-element-2f1fe20 elementor-widget elementor-widget-text-editor\" data-id=\"2f1fe20\" data-element_type=\"widget\" data-e-type=\"widget\" data-widget_type=\"text-editor.default\">\n\t\t\t\t<div class=\"elementor-widget-container\">\n\t\t\t\t\t\t\t\t\t<p><strong>Avrupa<\/strong><\/p><ul><li>Birle\u015fik Krall\u0131k<\/li><li>Hollanda<\/li><li>Bel\u00e7ika<\/li><li>Fransa<\/li><li>\u0130spanya<\/li><li>\u0130talya<\/li><li>Almanya<\/li><li>Avusturya<\/li><li>\u0130svi\u00e7re<\/li><li>Polonya<\/li><li>Romanya<\/li><\/ul>\t\t\t\t\t\t\t\t<\/div>\n\t\t\t\t<\/div>\n\t\t\t\t<div class=\"elementor-element elementor-element-53e5e24 elementor-widget elementor-widget-text-editor\" data-id=\"53e5e24\" data-element_type=\"widget\" data-e-type=\"widget\" data-widget_type=\"text-editor.default\">\n\t\t\t\t<div class=\"elementor-widget-container\">\n\t\t\t\t\t\t\t\t\t<p><strong>Asya<\/strong><\/p><ul><li>Hindistan<\/li><li>G\u00fcney Kore<\/li><li>Japonya<\/li><li>\u00c7in<\/li><li>Hong Kong<\/li><li>Tayvan<\/li><li>Vietnam<\/li><li>Tayland<\/li><li>Malezya<\/li><li>Singapur<\/li><li>Endonezya<\/li><\/ul><p><strong>Okyanusya<\/strong><\/p><ul><li>Avustralya<\/li><li>Yeni Zelanda<\/li><\/ul>\t\t\t\t\t\t\t\t<\/div>\n\t\t\t\t<\/div>\n\t\t\t\t<\/div>\n\t\t\t\t<\/div>\n\t\t\t\t<\/div>\n\t\t\t\t<\/div>\n\t\t\t\t\t<\/div>\n\t\t\t\t<\/div>\n\t\t<div class=\"elementor-element elementor-element-5e287af e-flex e-con-boxed e-con e-parent\" data-id=\"5e287af\" data-element_type=\"container\" data-e-type=\"container\">\n\t\t\t\t\t<div class=\"e-con-inner\">\n\t\t\t\t<div class=\"elementor-element elementor-element-07393af elementor-widget elementor-widget-spacer\" data-id=\"07393af\" data-element_type=\"widget\" data-e-type=\"widget\" data-widget_type=\"spacer.default\">\n\t\t\t\t<div class=\"elementor-widget-container\">\n\t\t\t\t\t\t\t<div class=\"elementor-spacer\">\n\t\t\t<div class=\"elementor-spacer-inner\"><\/div>\n\t\t<\/div>\n\t\t\t\t\t\t<\/div>\n\t\t\t\t<\/div>\n\t\t\t\t\t<\/div>\n\t\t\t\t<\/div>\n\t\t\t\t<\/div>\n\t\t","protected":false},"excerpt":{"rendered":"<p>Yabanc\u0131 distrib\u00fct\u00f6rleri ikna etmeye haz\u0131r m\u0131s\u0131n\u0131z? \u0130\u015f yapmak istedi\u011finiz \u00e7o\u011fu da\u011f\u0131t\u0131m orta\u011f\u0131 zaten rakip \u00fcr\u00fcnler satmaktad\u0131r. Teklifinizin onlara daha y\u00fcksek k\u00e2r getirece\u011fini g\u00f6stermelisiniz. Ev \u00f6devinizi yapt\u0131n\u0131z m\u0131? Yerel rekabeti, hangi marjlar\u0131n gerekli oldu\u011funu ve yerel orta\u011f\u0131n\u0131zdan ne bekledi\u011finizi biliyor musunuz? Kontrol\u00fc yap\u0131n ve ne kadar haz\u0131r oldu\u011funuzu g\u00f6r\u00fcn Red mi al\u0131yorsunuz? \u015eirketlerin ba\u015far\u0131l\u0131 olmas\u0131na bu [&hellip;]<\/p>\n","protected":false},"author":2,"featured_media":0,"parent":0,"menu_order":0,"comment_status":"closed","ping_status":"open","template":"","meta":{"footnotes":""},"class_list":["post-54948","page","type-page","status-publish","hentry"],"_links":{"self":[{"href":"https:\/\/exporteers.com\/tr\/wp-json\/wp\/v2\/pages\/54948","targetHints":{"allow":["GET"]}}],"collection":[{"href":"https:\/\/exporteers.com\/tr\/wp-json\/wp\/v2\/pages"}],"about":[{"href":"https:\/\/exporteers.com\/tr\/wp-json\/wp\/v2\/types\/page"}],"author":[{"embeddable":true,"href":"https:\/\/exporteers.com\/tr\/wp-json\/wp\/v2\/users\/2"}],"replies":[{"embeddable":true,"href":"https:\/\/exporteers.com\/tr\/wp-json\/wp\/v2\/comments?post=54948"}],"version-history":[{"count":5,"href":"https:\/\/exporteers.com\/tr\/wp-json\/wp\/v2\/pages\/54948\/revisions"}],"predecessor-version":[{"id":57515,"href":"https:\/\/exporteers.com\/tr\/wp-json\/wp\/v2\/pages\/54948\/revisions\/57515"}],"wp:attachment":[{"href":"https:\/\/exporteers.com\/tr\/wp-json\/wp\/v2\/media?parent=54948"}],"curies":[{"name":"wp","href":"https:\/\/api.w.org\/{rel}","templated":true}]}}